{"id":300,"date":"2015-12-09T15:34:00","date_gmt":"2015-12-09T15:34:00","guid":{"rendered":"http:\/\/monkey-business.de\/?page_id=300"},"modified":"2025-09-29T13:18:08","modified_gmt":"2025-09-29T13:18:08","slug":"kontakt","status":"publish","type":"page","link":"http:\/\/monkey-business.de\/home\/kontakt","title":{"rendered":"KONTAKT"},"content":{"rendered":"\n<p class=\"has-white-color has-blue-background-color has-text-color has-background has-link-color wp-elements-de75896ba99abda4b67df2ba9f88cb5f\"><strong>KONTAKT<\/strong><\/p>\n\n\n\n<p class=\"has-very-light-gray-to-cyan-bluish-gray-gradient-background has-background\">Ihr m\u00f6chtet uns f\u00fcr Eure Veranstaltung buchen oder ben\u00f6tigt weitere Informationen zur Band?<br>Aufgrund der komplizierten Vorg\u00e4nge der neuen Datenschutzverordnung bitte ich Euch eine E-Mail an<br><a href=\"mailto:rock@monkey-business.de\">rock<\/a>@monkey-business.de zu senden. <br>Wir antworten in der Regel innerhalb von ein paar Tagen.<br>Wir freuen uns auf Eure Anfrage!<\/p>\n\n\n\n<h5 class=\"wp-block-heading has-white-color has-blue-background-color has-text-color has-background has-link-color wp-elements-b2dee649dbff127acfda42dcb6e595ea\" style=\"font-size:17px;font-style:normal;font-weight:600\">WEITER INFOS ZU MONKEY BUSINESS GIBT&#8217;S HIER<\/h5>\n\n\n\n<p class=\"has-text-align-left has-very-light-gray-to-cyan-bluish-gray-gradient-background has-background\"><a href=\"http:\/\/www.facebook.com\/monkeybusinessrock\" target=\"_blank\" rel=\"noreferrer noopener\">Facebook<\/a><br><a href=\"http:\/\/www.instagram.com\/monkeybusinessrock\/\" target=\"_blank\" rel=\"noreferrer noopener\">Instagram<\/a><br><a href=\"https:\/\/www.youtube.com\/monkeybusinesscoverrock\" target=\"_blank\" rel=\"noreferrer noopener\">YouTube<\/a><\/p>\n","protected":false},"excerpt":{"rendered":"<p>KONTAKT Ihr m\u00f6chtet uns f\u00fcr Eure Veranstaltung buchen oder ben\u00f6tigt weitere Informationen zur Band?Aufgrund der komplizierten Vorg\u00e4nge der neuen Datenschutzverordnung bitte ich Euch eine E-Mail anrock@monkey-business.de zu senden. Wir antworten<a href=\"http:\/\/monkey-business.de\/home\/kontakt\" class=\"more-link\"><span class=\"readmore\">Continue reading<span class=\"screen-reader-text\">KONTAKT<\/span><\/span><\/a><\/p>\n","protected":false},"author":1,"featured_media":0,"parent":0,"menu_order":0,"comment_status":"closed","ping_status":"closed","template":"","meta":{"footnotes":""},"class_list":["post-300","page","type-page","status-publish","hentry"],"yoast_head":"<!-- This site is optimized with the Yoast SEO plugin v27.5 - https:\/\/yoast.com\/product\/yoast-seo-wordpress\/ -->\n<title>KONTAKT -<\/title>\n<meta name=\"description\" content=\"Ihr m\u00f6chtet uns f\u00fcr Eure Veranstaltung buchen oder ben\u00f6tigt weitere Informationen zur Band? Dann erreicht Ihr uns direkt \u00fcber das Kontaktformular oder per Mail unter: rock@monkey-business.de\" \/>\n<meta name=\"robots\" content=\"index, follow, max-snippet:-1, max-image-preview:large, max-video-preview:-1\" \/>\n<link rel=\"canonical\" href=\"https:\/\/monkey-business.de\/home\/kontakt\" \/>\n<meta property=\"og:locale\" content=\"de_DE\" \/>\n<meta property=\"og:type\" content=\"article\" \/>\n<meta property=\"og:title\" content=\"KONTAKT -\" \/>\n<meta property=\"og:description\" content=\"Ihr m\u00f6chtet uns f\u00fcr Eure Veranstaltung buchen oder ben\u00f6tigt weitere Informationen zur Band? Dann erreicht Ihr uns direkt \u00fcber das Kontaktformular oder per Mail unter: rock@monkey-business.de\" \/>\n<meta property=\"og:url\" content=\"https:\/\/monkey-business.de\/home\/kontakt\" \/>\n<meta property=\"article:publisher\" content=\"https:\/\/www.facebook.com\/MonkeyBusinessRock\" \/>\n<meta property=\"article:modified_time\" content=\"2025-09-29T13:18:08+00:00\" \/>\n<meta name=\"twitter:card\" content=\"summary_large_image\" \/>\n<meta name=\"twitter:label1\" content=\"Gesch\u00e4tzte Lesezeit\" \/>\n\t<meta name=\"twitter:data1\" content=\"1\u00a0Minute\" \/>\n<script type=\"application\/ld+json\" class=\"yoast-schema-graph\">{\"@context\":\"https:\\\/\\\/schema.org\",\"@graph\":[{\"@type\":\"WebPage\",\"@id\":\"https:\\\/\\\/monkey-business.de\\\/home\\\/kontakt\",\"url\":\"https:\\\/\\\/monkey-business.de\\\/home\\\/kontakt\",\"name\":\"KONTAKT -\",\"isPartOf\":{\"@id\":\"https:\\\/\\\/monkey-business.de\\\/home\\\/#website\"},\"datePublished\":\"2015-12-09T15:34:00+00:00\",\"dateModified\":\"2025-09-29T13:18:08+00:00\",\"description\":\"Ihr m\u00f6chtet uns f\u00fcr Eure Veranstaltung buchen oder ben\u00f6tigt weitere Informationen zur Band? Dann erreicht Ihr uns direkt \u00fcber das Kontaktformular oder per Mail unter: rock@monkey-business.de\",\"breadcrumb\":{\"@id\":\"https:\\\/\\\/monkey-business.de\\\/home\\\/kontakt#breadcrumb\"},\"inLanguage\":\"de\",\"potentialAction\":[{\"@type\":\"ReadAction\",\"target\":[\"https:\\\/\\\/monkey-business.de\\\/home\\\/kontakt\"]}]},{\"@type\":\"BreadcrumbList\",\"@id\":\"https:\\\/\\\/monkey-business.de\\\/home\\\/kontakt#breadcrumb\",\"itemListElement\":[{\"@type\":\"ListItem\",\"position\":1,\"name\":\"Home\",\"item\":\"https:\\\/\\\/monkey-business.de\\\/home\\\/\"},{\"@type\":\"ListItem\",\"position\":2,\"name\":\"KONTAKT\"}]},{\"@type\":\"WebSite\",\"@id\":\"https:\\\/\\\/monkey-business.de\\\/home\\\/#website\",\"url\":\"https:\\\/\\\/monkey-business.de\\\/home\\\/\",\"name\":\"Monkey Business\",\"description\":\"\",\"potentialAction\":[{\"@type\":\"SearchAction\",\"target\":{\"@type\":\"EntryPoint\",\"urlTemplate\":\"https:\\\/\\\/monkey-business.de\\\/home\\\/?s={search_term_string}\"},\"query-input\":{\"@type\":\"PropertyValueSpecification\",\"valueRequired\":true,\"valueName\":\"search_term_string\"}}],\"inLanguage\":\"de\"}]}<\/script>\n<!-- \/ Yoast SEO plugin. -->","yoast_head_json":{"title":"KONTAKT -","description":"Ihr m\u00f6chtet uns f\u00fcr Eure Veranstaltung buchen oder ben\u00f6tigt weitere Informationen zur Band? Dann erreicht Ihr uns direkt \u00fcber das Kontaktformular oder per Mail unter: rock@monkey-business.de","robots":{"index":"index","follow":"follow","max-snippet":"max-snippet:-1","max-image-preview":"max-image-preview:large","max-video-preview":"max-video-preview:-1"},"canonical":"https:\/\/monkey-business.de\/home\/kontakt","og_locale":"de_DE","og_type":"article","og_title":"KONTAKT -","og_description":"Ihr m\u00f6chtet uns f\u00fcr Eure Veranstaltung buchen oder ben\u00f6tigt weitere Informationen zur Band? Dann erreicht Ihr uns direkt \u00fcber das Kontaktformular oder per Mail unter: rock@monkey-business.de","og_url":"https:\/\/monkey-business.de\/home\/kontakt","article_publisher":"https:\/\/www.facebook.com\/MonkeyBusinessRock","article_modified_time":"2025-09-29T13:18:08+00:00","twitter_card":"summary_large_image","twitter_misc":{"Gesch\u00e4tzte Lesezeit":"1\u00a0Minute"},"schema":{"@context":"https:\/\/schema.org","@graph":[{"@type":"WebPage","@id":"https:\/\/monkey-business.de\/home\/kontakt","url":"https:\/\/monkey-business.de\/home\/kontakt","name":"KONTAKT -","isPartOf":{"@id":"https:\/\/monkey-business.de\/home\/#website"},"datePublished":"2015-12-09T15:34:00+00:00","dateModified":"2025-09-29T13:18:08+00:00","description":"Ihr m\u00f6chtet uns f\u00fcr Eure Veranstaltung buchen oder ben\u00f6tigt weitere Informationen zur Band? Dann erreicht Ihr uns direkt \u00fcber das Kontaktformular oder per Mail unter: rock@monkey-business.de","breadcrumb":{"@id":"https:\/\/monkey-business.de\/home\/kontakt#breadcrumb"},"inLanguage":"de","potentialAction":[{"@type":"ReadAction","target":["https:\/\/monkey-business.de\/home\/kontakt"]}]},{"@type":"BreadcrumbList","@id":"https:\/\/monkey-business.de\/home\/kontakt#breadcrumb","itemListElement":[{"@type":"ListItem","position":1,"name":"Home","item":"https:\/\/monkey-business.de\/home\/"},{"@type":"ListItem","position":2,"name":"KONTAKT"}]},{"@type":"WebSite","@id":"https:\/\/monkey-business.de\/home\/#website","url":"https:\/\/monkey-business.de\/home\/","name":"Monkey Business","description":"","potentialAction":[{"@type":"SearchAction","target":{"@type":"EntryPoint","urlTemplate":"https:\/\/monkey-business.de\/home\/?s={search_term_string}"},"query-input":{"@type":"PropertyValueSpecification","valueRequired":true,"valueName":"search_term_string"}}],"inLanguage":"de"}]}},"_links":{"self":[{"href":"http:\/\/monkey-business.de\/home\/wp-json\/wp\/v2\/pages\/300","targetHints":{"allow":["GET"]}}],"collection":[{"href":"http:\/\/monkey-business.de\/home\/wp-json\/wp\/v2\/pages"}],"about":[{"href":"http:\/\/monkey-business.de\/home\/wp-json\/wp\/v2\/types\/page"}],"author":[{"embeddable":true,"href":"http:\/\/monkey-business.de\/home\/wp-json\/wp\/v2\/users\/1"}],"replies":[{"embeddable":true,"href":"http:\/\/monkey-business.de\/home\/wp-json\/wp\/v2\/comments?post=300"}],"version-history":[{"count":14,"href":"http:\/\/monkey-business.de\/home\/wp-json\/wp\/v2\/pages\/300\/revisions"}],"predecessor-version":[{"id":2701,"href":"http:\/\/monkey-business.de\/home\/wp-json\/wp\/v2\/pages\/300\/revisions\/2701"}],"wp:attachment":[{"href":"http:\/\/monkey-business.de\/home\/wp-json\/wp\/v2\/media?parent=300"}],"curies":[{"name":"wp","href":"https:\/\/api.w.org\/{rel}","templated":true}]}}