{"id":295,"date":"2015-12-09T15:30:31","date_gmt":"2015-12-09T15:30:31","guid":{"rendered":"http:\/\/monkey-business.de\/?page_id=295"},"modified":"2023-08-21T09:49:00","modified_gmt":"2023-08-21T09:49:00","slug":"olli","status":"publish","type":"page","link":"http:\/\/monkey-business.de\/home\/olli","title":{"rendered":"Olli"},"content":{"rendered":"\n<figure class=\"wp-block-gallery has-nested-images columns-default is-cropped wp-block-gallery-1 is-layout-flex wp-block-gallery-is-layout-flex\">\n<figure class=\"wp-block-image size-large\"><a href=\"https:\/\/monkey-business.de\/wp-content\/uploads\/2022\/12\/BWDS9421.jpg\"><img loading=\"lazy\" decoding=\"async\" width=\"768\" height=\"1024\" data-id=\"2377\" src=\"https:\/\/monkey-business.de\/wp-content\/uploads\/2022\/12\/BWDS9421-768x1024.jpg\" alt=\"\" class=\"wp-image-2377\" srcset=\"http:\/\/monkey-business.de\/wp-content\/uploads\/2022\/12\/BWDS9421-768x1024.jpg 768w, http:\/\/monkey-business.de\/wp-content\/uploads\/2022\/12\/BWDS9421-225x300.jpg 225w, http:\/\/monkey-business.de\/wp-content\/uploads\/2022\/12\/BWDS9421-1152x1536.jpg 1152w, http:\/\/monkey-business.de\/wp-content\/uploads\/2022\/12\/BWDS9421.jpg 1512w\" sizes=\"auto, (max-width: 768px) 100vw, 768px\" \/><\/a><\/figure>\n\n\n\n<figure class=\"wp-block-image size-large\"><a href=\"https:\/\/monkey-business.de\/wp-content\/uploads\/2022\/12\/KH1_0167.jpg\"><img loading=\"lazy\" decoding=\"async\" width=\"1024\" height=\"682\" data-id=\"2379\" src=\"https:\/\/monkey-business.de\/wp-content\/uploads\/2022\/12\/KH1_0167-1024x682.jpg\" alt=\"\" class=\"wp-image-2379\" srcset=\"http:\/\/monkey-business.de\/wp-content\/uploads\/2022\/12\/KH1_0167-1024x682.jpg 1024w, http:\/\/monkey-business.de\/wp-content\/uploads\/2022\/12\/KH1_0167-300x200.jpg 300w, http:\/\/monkey-business.de\/wp-content\/uploads\/2022\/12\/KH1_0167-768x512.jpg 768w, http:\/\/monkey-business.de\/wp-content\/uploads\/2022\/12\/KH1_0167-1536x1024.jpg 1536w, http:\/\/monkey-business.de\/wp-content\/uploads\/2022\/12\/KH1_0167.jpg 2000w\" sizes=\"auto, (max-width: 1024px) 100vw, 1024px\" \/><\/a><\/figure>\n\n\n\n<figure class=\"wp-block-image size-large\"><a href=\"https:\/\/monkey-business.de\/wp-content\/uploads\/2022\/12\/KH1_0171.jpg\"><img loading=\"lazy\" decoding=\"async\" width=\"682\" height=\"1024\" data-id=\"2380\" src=\"https:\/\/monkey-business.de\/wp-content\/uploads\/2022\/12\/KH1_0171-682x1024.jpg\" alt=\"\" class=\"wp-image-2380\" srcset=\"http:\/\/monkey-business.de\/wp-content\/uploads\/2022\/12\/KH1_0171-682x1024.jpg 682w, http:\/\/monkey-business.de\/wp-content\/uploads\/2022\/12\/KH1_0171-200x300.jpg 200w, http:\/\/monkey-business.de\/wp-content\/uploads\/2022\/12\/KH1_0171-768x1152.jpg 768w, http:\/\/monkey-business.de\/wp-content\/uploads\/2022\/12\/KH1_0171-1024x1536.jpg 1024w, http:\/\/monkey-business.de\/wp-content\/uploads\/2022\/12\/KH1_0171.jpg 1333w\" sizes=\"auto, (max-width: 682px) 100vw, 682px\" \/><\/a><\/figure>\n\n\n\n<figure class=\"wp-block-image size-large\"><a href=\"https:\/\/monkey-business.de\/wp-content\/uploads\/2022\/12\/KH1_5770.jpg\"><img loading=\"lazy\" decoding=\"async\" width=\"682\" height=\"1024\" data-id=\"2384\" src=\"https:\/\/monkey-business.de\/wp-content\/uploads\/2022\/12\/KH1_5770-682x1024.jpg\" alt=\"\" class=\"wp-image-2384\" srcset=\"http:\/\/monkey-business.de\/wp-content\/uploads\/2022\/12\/KH1_5770-682x1024.jpg 682w, http:\/\/monkey-business.de\/wp-content\/uploads\/2022\/12\/KH1_5770-200x300.jpg 200w, http:\/\/monkey-business.de\/wp-content\/uploads\/2022\/12\/KH1_5770-768x1152.jpg 768w, http:\/\/monkey-business.de\/wp-content\/uploads\/2022\/12\/KH1_5770-1024x1536.jpg 1024w, http:\/\/monkey-business.de\/wp-content\/uploads\/2022\/12\/KH1_5770.jpg 1333w\" sizes=\"auto, (max-width: 682px) 100vw, 682px\" \/><\/a><\/figure>\n\n\n\n<figure class=\"wp-block-image size-large\"><a href=\"https:\/\/monkey-business.de\/wp-content\/uploads\/2022\/12\/KH1_5946.jpg\"><img loading=\"lazy\" decoding=\"async\" width=\"1024\" height=\"682\" data-id=\"2383\" src=\"https:\/\/monkey-business.de\/wp-content\/uploads\/2022\/12\/KH1_5946-1024x682.jpg\" alt=\"\" class=\"wp-image-2383\" srcset=\"http:\/\/monkey-business.de\/wp-content\/uploads\/2022\/12\/KH1_5946-1024x682.jpg 1024w, http:\/\/monkey-business.de\/wp-content\/uploads\/2022\/12\/KH1_5946-300x200.jpg 300w, http:\/\/monkey-business.de\/wp-content\/uploads\/2022\/12\/KH1_5946-768x512.jpg 768w, http:\/\/monkey-business.de\/wp-content\/uploads\/2022\/12\/KH1_5946-1536x1024.jpg 1536w, http:\/\/monkey-business.de\/wp-content\/uploads\/2022\/12\/KH1_5946.jpg 2000w\" sizes=\"auto, (max-width: 1024px) 100vw, 1024px\" \/><\/a><\/figure>\n\n\n\n<figure class=\"wp-block-image size-large\"><a href=\"https:\/\/monkey-business.de\/wp-content\/uploads\/2022\/12\/KH1_5984.jpg\"><img loading=\"lazy\" decoding=\"async\" width=\"682\" height=\"1024\" data-id=\"2381\" src=\"https:\/\/monkey-business.de\/wp-content\/uploads\/2022\/12\/KH1_5984-682x1024.jpg\" alt=\"\" class=\"wp-image-2381\" srcset=\"http:\/\/monkey-business.de\/wp-content\/uploads\/2022\/12\/KH1_5984-682x1024.jpg 682w, http:\/\/monkey-business.de\/wp-content\/uploads\/2022\/12\/KH1_5984-200x300.jpg 200w, http:\/\/monkey-business.de\/wp-content\/uploads\/2022\/12\/KH1_5984-768x1152.jpg 768w, http:\/\/monkey-business.de\/wp-content\/uploads\/2022\/12\/KH1_5984-1024x1536.jpg 1024w, http:\/\/monkey-business.de\/wp-content\/uploads\/2022\/12\/KH1_5984.jpg 1333w\" sizes=\"auto, (max-width: 682px) 100vw, 682px\" \/><\/a><\/figure>\n\n\n\n<figure class=\"wp-block-image size-large\"><a href=\"https:\/\/monkey-business.de\/wp-content\/uploads\/2022\/12\/KH1_5990.jpg\"><img loading=\"lazy\" decoding=\"async\" width=\"1024\" height=\"682\" data-id=\"2382\" src=\"https:\/\/monkey-business.de\/wp-content\/uploads\/2022\/12\/KH1_5990-1024x682.jpg\" alt=\"\" class=\"wp-image-2382\" srcset=\"http:\/\/monkey-business.de\/wp-content\/uploads\/2022\/12\/KH1_5990-1024x682.jpg 1024w, http:\/\/monkey-business.de\/wp-content\/uploads\/2022\/12\/KH1_5990-300x200.jpg 300w, http:\/\/monkey-business.de\/wp-content\/uploads\/2022\/12\/KH1_5990-768x512.jpg 768w, http:\/\/monkey-business.de\/wp-content\/uploads\/2022\/12\/KH1_5990-1536x1024.jpg 1536w, http:\/\/monkey-business.de\/wp-content\/uploads\/2022\/12\/KH1_5990.jpg 2000w\" sizes=\"auto, (max-width: 1024px) 100vw, 1024px\" \/><\/a><\/figure>\n\n\n\n<figure class=\"wp-block-image size-large\"><a href=\"https:\/\/monkey-business.de\/wp-content\/uploads\/2022\/12\/PHOTO-2022-06-18-18-28-22-1.jpg\"><img loading=\"lazy\" decoding=\"async\" width=\"768\" height=\"1024\" data-id=\"2378\" src=\"https:\/\/monkey-business.de\/wp-content\/uploads\/2022\/12\/PHOTO-2022-06-18-18-28-22-1-768x1024.jpg\" alt=\"\" class=\"wp-image-2378\" srcset=\"http:\/\/monkey-business.de\/wp-content\/uploads\/2022\/12\/PHOTO-2022-06-18-18-28-22-1-768x1024.jpg 768w, http:\/\/monkey-business.de\/wp-content\/uploads\/2022\/12\/PHOTO-2022-06-18-18-28-22-1-225x300.jpg 225w, http:\/\/monkey-business.de\/wp-content\/uploads\/2022\/12\/PHOTO-2022-06-18-18-28-22-1-1152x1536.jpg 1152w, http:\/\/monkey-business.de\/wp-content\/uploads\/2022\/12\/PHOTO-2022-06-18-18-28-22-1.jpg 1536w\" sizes=\"auto, (max-width: 768px) 100vw, 768px\" \/><\/a><\/figure>\n<\/figure>\n\n\n\n<div class=\"wp-block-columns is-layout-flex wp-container-core-columns-is-layout-9d6595d7 wp-block-columns-is-layout-flex\">\n<div class=\"wp-block-column is-layout-flow wp-block-column-is-layout-flow\">\n<figure class=\"wp-block-gallery has-nested-images columns-default is-cropped wp-block-gallery-2 is-layout-flex wp-block-gallery-is-layout-flex\">\n<figure class=\"wp-block-image size-large\"><a href=\"https:\/\/monkey-business.de\/wp-content\/uploads\/2019\/12\/IMG-20191101-WA0070.jpg\"><img loading=\"lazy\" decoding=\"async\" width=\"1024\" height=\"711\" data-id=\"1788\" src=\"https:\/\/monkey-business.de\/wp-content\/uploads\/2019\/12\/IMG-20191101-WA0070-1024x711.jpg\" alt=\"\" class=\"wp-image-1788\" srcset=\"http:\/\/monkey-business.de\/wp-content\/uploads\/2019\/12\/IMG-20191101-WA0070-1024x711.jpg 1024w, http:\/\/monkey-business.de\/wp-content\/uploads\/2019\/12\/IMG-20191101-WA0070-300x208.jpg 300w, http:\/\/monkey-business.de\/wp-content\/uploads\/2019\/12\/IMG-20191101-WA0070-768x533.jpg 768w, http:\/\/monkey-business.de\/wp-content\/uploads\/2019\/12\/IMG-20191101-WA0070-1536x1066.jpg 1536w, http:\/\/monkey-business.de\/wp-content\/uploads\/2019\/12\/IMG-20191101-WA0070.jpg 1599w\" sizes=\"auto, (max-width: 1024px) 100vw, 1024px\" \/><\/a><\/figure>\n\n\n\n<figure class=\"wp-block-image size-large\"><a href=\"https:\/\/monkey-business.de\/wp-content\/uploads\/2019\/12\/IMG-20191101-WA0069.jpg\"><img loading=\"lazy\" decoding=\"async\" width=\"925\" height=\"1024\" data-id=\"1787\" src=\"https:\/\/monkey-business.de\/wp-content\/uploads\/2019\/12\/IMG-20191101-WA0069-925x1024.jpg\" alt=\"\" class=\"wp-image-1787\" srcset=\"http:\/\/monkey-business.de\/wp-content\/uploads\/2019\/12\/IMG-20191101-WA0069-925x1024.jpg 925w, http:\/\/monkey-business.de\/wp-content\/uploads\/2019\/12\/IMG-20191101-WA0069-271x300.jpg 271w, http:\/\/monkey-business.de\/wp-content\/uploads\/2019\/12\/IMG-20191101-WA0069-768x850.jpg 768w, http:\/\/monkey-business.de\/wp-content\/uploads\/2019\/12\/IMG-20191101-WA0069-1387x1536.jpg 1387w, http:\/\/monkey-business.de\/wp-content\/uploads\/2019\/12\/IMG-20191101-WA0069.jpg 1445w\" sizes=\"auto, (max-width: 925px) 100vw, 925px\" \/><\/a><\/figure>\n\n\n\n<figure class=\"wp-block-image size-large\"><a href=\"https:\/\/monkey-business.de\/wp-content\/uploads\/2019\/12\/IMG-20191101-WA0015.jpg\"><img loading=\"lazy\" decoding=\"async\" width=\"660\" height=\"1024\" data-id=\"1731\" src=\"https:\/\/monkey-business.de\/wp-content\/uploads\/2019\/12\/IMG-20191101-WA0015-660x1024.jpg\" alt=\"\" class=\"wp-image-1731\" srcset=\"http:\/\/monkey-business.de\/wp-content\/uploads\/2019\/12\/IMG-20191101-WA0015-660x1024.jpg 660w, http:\/\/monkey-business.de\/wp-content\/uploads\/2019\/12\/IMG-20191101-WA0015-194x300.jpg 194w, http:\/\/monkey-business.de\/wp-content\/uploads\/2019\/12\/IMG-20191101-WA0015-768x1191.jpg 768w, http:\/\/monkey-business.de\/wp-content\/uploads\/2019\/12\/IMG-20191101-WA0015-991x1536.jpg 991w, http:\/\/monkey-business.de\/wp-content\/uploads\/2019\/12\/IMG-20191101-WA0015.jpg 1032w\" sizes=\"auto, (max-width: 660px) 100vw, 660px\" \/><\/a><\/figure>\n\n\n\n<figure class=\"wp-block-image size-large\"><a href=\"https:\/\/monkey-business.de\/wp-content\/uploads\/2018\/11\/20181027_012016.jpg\"><img loading=\"lazy\" decoding=\"async\" width=\"1024\" height=\"498\" data-id=\"1442\" src=\"https:\/\/monkey-business.de\/wp-content\/uploads\/2018\/11\/20181027_012016-1024x498.jpg\" alt=\"\" class=\"wp-image-1442\" srcset=\"http:\/\/monkey-business.de\/wp-content\/uploads\/2018\/11\/20181027_012016-1024x498.jpg 1024w, http:\/\/monkey-business.de\/wp-content\/uploads\/2018\/11\/20181027_012016-300x146.jpg 300w, http:\/\/monkey-business.de\/wp-content\/uploads\/2018\/11\/20181027_012016-768x373.jpg 768w\" sizes=\"auto, (max-width: 1024px) 100vw, 1024px\" \/><\/a><\/figure>\n\n\n\n<figure class=\"wp-block-image size-large\"><a href=\"https:\/\/monkey-business.de\/wp-content\/uploads\/2018\/08\/IMG-20180729-WA0109.jpg\"><img loading=\"lazy\" decoding=\"async\" width=\"497\" height=\"1024\" data-id=\"1354\" src=\"https:\/\/monkey-business.de\/wp-content\/uploads\/2018\/08\/IMG-20180729-WA0109-497x1024.jpg\" alt=\"\" class=\"wp-image-1354\" srcset=\"http:\/\/monkey-business.de\/wp-content\/uploads\/2018\/08\/IMG-20180729-WA0109-497x1024.jpg 497w, http:\/\/monkey-business.de\/wp-content\/uploads\/2018\/08\/IMG-20180729-WA0109-146x300.jpg 146w, http:\/\/monkey-business.de\/wp-content\/uploads\/2018\/08\/IMG-20180729-WA0109-768x1581.jpg 768w, http:\/\/monkey-business.de\/wp-content\/uploads\/2018\/08\/IMG-20180729-WA0109.jpg 777w\" sizes=\"auto, (max-width: 497px) 100vw, 497px\" \/><\/a><\/figure>\n\n\n\n<figure class=\"wp-block-image size-large\"><a href=\"https:\/\/monkey-business.de\/wp-content\/uploads\/2019\/10\/IMG-20191101-WA0056.jpg\"><img loading=\"lazy\" decoding=\"async\" width=\"636\" height=\"1024\" data-id=\"1697\" src=\"https:\/\/monkey-business.de\/wp-content\/uploads\/2019\/10\/IMG-20191101-WA0056-636x1024.jpg\" alt=\"\" class=\"wp-image-1697\" srcset=\"http:\/\/monkey-business.de\/wp-content\/uploads\/2019\/10\/IMG-20191101-WA0056-636x1024.jpg 636w, http:\/\/monkey-business.de\/wp-content\/uploads\/2019\/10\/IMG-20191101-WA0056-186x300.jpg 186w, http:\/\/monkey-business.de\/wp-content\/uploads\/2019\/10\/IMG-20191101-WA0056-768x1237.jpg 768w, http:\/\/monkey-business.de\/wp-content\/uploads\/2019\/10\/IMG-20191101-WA0056-953x1536.jpg 953w, http:\/\/monkey-business.de\/wp-content\/uploads\/2019\/10\/IMG-20191101-WA0056.jpg 993w\" sizes=\"auto, (max-width: 636px) 100vw, 636px\" \/><\/a><\/figure>\n<\/figure>\n<\/div>\n<\/div>\n\n\n\n<div class=\"wp-block-columns is-layout-flex wp-container-core-columns-is-layout-9d6595d7 wp-block-columns-is-layout-flex\">\n<div class=\"wp-block-column is-layout-flow wp-block-column-is-layout-flow\"><\/div>\n\n\n\n<div class=\"wp-block-column is-layout-flow wp-block-column-is-layout-flow\"><\/div>\n\n\n\n<div class=\"wp-block-column is-layout-flow wp-block-column-is-layout-flow\"><\/div>\n<\/div>\n\n\n\n<p><strong>Olli<\/strong><\/p>\n\n\n\n<h5 class=\"wp-block-heading\">Aufgabe in der Band:<\/h5>\n\n\n\n<ul class=\"wp-block-list\">\n<li>\u00dcberwiegend Keyboard spielen, Rammstein singen, etwas Backing Vocals&#8230; Und immer f\u00fcr gute Stimmung sorgen<br><\/li>\n\n\n\n<li>Unter diesen Verr\u00fcckten seit:  April 2008<\/li>\n<\/ul>\n\n\n\n<h5 class=\"wp-block-heading\">Equipment:<\/h5>\n\n\n\n<ul class=\"wp-block-list\">\n<li>Korg M3 Xpandet 73, Korg TR 61, Korg Triton Studio Pro 76 und seit neuestem Korg Kronos und mein &#8211; noch viel gr\u00f6\u00dferer &#8211; St\u00e4nder halt<\/li>\n<\/ul>\n\n\n\n<h5 class=\"wp-block-heading\">Musikalische Pr\u00e4gungen:<\/h5>\n\n\n\n<ul class=\"wp-block-list\">\n<li>Edguy, Stratovarius, Helloween, Avantasia, \u2026<\/li>\n<\/ul>\n\n\n\n<h5 class=\"wp-block-heading\">Lebensmotto:<\/h5>\n\n\n\n<ul class=\"wp-block-list\">\n<li>Jeden Tag in vollen Z\u00fcgen genie\u00dfen!<\/li>\n<\/ul>\n\n\n\n<h5 class=\"wp-block-heading\">Besondere Macken:<\/h5>\n\n\n\n<ul class=\"wp-block-list\">\n<li>Ich kann mit den Ohren wackeln<\/li>\n<\/ul>\n\n\n\n<h5 class=\"wp-block-heading\">Warum Monkey Business:<\/h5>\n\n\n\n<ul class=\"wp-block-list\">\n<li>Warum nicht?<\/li>\n<\/ul>\n\n\n\n<h5 class=\"wp-block-heading\">Kontakt:<\/h5>\n\n\n\n<ul class=\"wp-block-list\">\n<li>Olli@Monkey-Business.de<\/li>\n<\/ul>\n\n\n\n<h5 class=\"wp-block-heading\">Biografie:<\/h5>\n\n\n\n<p>Olli ist irgendwie von Geburt an musikalisch und machte bereits mit 3 Jahren seine erste B\u00fchnenerfahrung. Er hat sich im Urlaub einfach bei einer Combo auf die B\u00fchne gestellt und abgerockt. Dann wurde er in die musikalische Fr\u00fcherziehung geschickt und hat zu seinem 6. Geburtstag ein Keyboard inkl. Lehrbuch geschenkt bekommen. Er brachte sich das Keyboardspielen dann nach und nach selber bei und hatte dann auch ein halbes Jahr Unterricht. Das gefiel ihm aber nicht. 2003 gr\u00fcndete er dann mit ein paar Kumpels eine kleine Band mit der er bei kleinen Auftritten die ersten Erfahrungen sammelte. Doch Olli wollte mehr!!! 2004 hat er dann bei der Band NoFade angefragt, weil ihm auffiel, dass die ja gar keinen Keyboarder haben, aber bestimmt ganz ganz dringend einen brauchen! Dort war er dann so mit ca. 30-40 Gigs im Jahr ganz gut dabei bis sich die Band 2006 aufgel\u00f6st hat. Danach war er ein halbes Jahr bei der Band Activists. J\u00f6rg hat ihn dann zu Monkey Business geholt. Und da ist er bis heute.<\/p>\n","protected":false},"excerpt":{"rendered":"<p>Olli Aufgabe in der Band: Equipment: Musikalische Pr\u00e4gungen: Lebensmotto: Besondere Macken: Warum Monkey Business: Kontakt: Biografie: Olli ist irgendwie von Geburt an musikalisch und machte bereits mit 3 Jahren seine<a href=\"http:\/\/monkey-business.de\/home\/olli\" class=\"more-link\"><span class=\"readmore\">Continue reading<span class=\"screen-reader-text\">Olli<\/span><\/span><\/a><\/p>\n","protected":false},"author":1,"featured_media":0,"parent":0,"menu_order":0,"comment_status":"closed","ping_status":"closed","template":"","meta":{"footnotes":""},"class_list":["post-295","page","type-page","status-publish","hentry"],"yoast_head":"<!-- This site is optimized with the Yoast SEO plugin v27.5 - https:\/\/yoast.com\/product\/yoast-seo-wordpress\/ -->\n<title>Olli -<\/title>\n<meta name=\"description\" content=\"Olli ist irgendwie von Geburt an musikalisch und machte bereits mit 3 Jahren seine erste B\u00fchnenerfahrung. Er hat sich im Urlaub einfach bei einer Combo auf die B\u00fchne gestellt und abgerockt. Dann wurde er in die musikalische Fr\u00fcherziehung geschickt und hat zu seinem 6. Geburtstag ein Keyboard inkl. Lehrbuch geschenkt bekommen.\" \/>\n<meta name=\"robots\" content=\"index, follow, max-snippet:-1, max-image-preview:large, max-video-preview:-1\" \/>\n<link rel=\"canonical\" href=\"https:\/\/monkey-business.de\/home\/olli\" \/>\n<meta property=\"og:locale\" content=\"de_DE\" \/>\n<meta property=\"og:type\" content=\"article\" \/>\n<meta property=\"og:title\" content=\"Olli -\" \/>\n<meta property=\"og:description\" content=\"Olli ist irgendwie von Geburt an musikalisch und machte bereits mit 3 Jahren seine erste B\u00fchnenerfahrung. Er hat sich im Urlaub einfach bei einer Combo auf die B\u00fchne gestellt und abgerockt. Dann wurde er in die musikalische Fr\u00fcherziehung geschickt und hat zu seinem 6. Geburtstag ein Keyboard inkl. Lehrbuch geschenkt bekommen.\" \/>\n<meta property=\"og:url\" content=\"https:\/\/monkey-business.de\/home\/olli\" \/>\n<meta property=\"article:publisher\" content=\"https:\/\/www.facebook.com\/MonkeyBusinessRock\" \/>\n<meta property=\"article:modified_time\" content=\"2023-08-21T09:49:00+00:00\" \/>\n<meta property=\"og:image\" content=\"https:\/\/monkey-business.de\/wp-content\/uploads\/2022\/12\/BWDS9421-768x1024.jpg\" \/>\n<meta name=\"twitter:card\" content=\"summary_large_image\" \/>\n<script type=\"application\/ld+json\" class=\"yoast-schema-graph\">{\"@context\":\"https:\\\/\\\/schema.org\",\"@graph\":[{\"@type\":\"WebPage\",\"@id\":\"https:\\\/\\\/monkey-business.de\\\/home\\\/olli\",\"url\":\"https:\\\/\\\/monkey-business.de\\\/home\\\/olli\",\"name\":\"Olli -\",\"isPartOf\":{\"@id\":\"https:\\\/\\\/monkey-business.de\\\/home\\\/#website\"},\"primaryImageOfPage\":{\"@id\":\"https:\\\/\\\/monkey-business.de\\\/home\\\/olli#primaryimage\"},\"image\":{\"@id\":\"https:\\\/\\\/monkey-business.de\\\/home\\\/olli#primaryimage\"},\"thumbnailUrl\":\"https:\\\/\\\/monkey-business.de\\\/wp-content\\\/uploads\\\/2022\\\/12\\\/BWDS9421-768x1024.jpg\",\"datePublished\":\"2015-12-09T15:30:31+00:00\",\"dateModified\":\"2023-08-21T09:49:00+00:00\",\"description\":\"Olli ist irgendwie von Geburt an musikalisch und machte bereits mit 3 Jahren seine erste B\u00fchnenerfahrung. Er hat sich im Urlaub einfach bei einer Combo auf die B\u00fchne gestellt und abgerockt. Dann wurde er in die musikalische Fr\u00fcherziehung geschickt und hat zu seinem 6. Geburtstag ein Keyboard inkl. Lehrbuch geschenkt bekommen.\",\"breadcrumb\":{\"@id\":\"https:\\\/\\\/monkey-business.de\\\/home\\\/olli#breadcrumb\"},\"inLanguage\":\"de\",\"potentialAction\":[{\"@type\":\"ReadAction\",\"target\":[\"https:\\\/\\\/monkey-business.de\\\/home\\\/olli\"]}]},{\"@type\":\"ImageObject\",\"inLanguage\":\"de\",\"@id\":\"https:\\\/\\\/monkey-business.de\\\/home\\\/olli#primaryimage\",\"url\":\"https:\\\/\\\/monkey-business.de\\\/wp-content\\\/uploads\\\/2022\\\/12\\\/BWDS9421-768x1024.jpg\",\"contentUrl\":\"https:\\\/\\\/monkey-business.de\\\/wp-content\\\/uploads\\\/2022\\\/12\\\/BWDS9421-768x1024.jpg\"},{\"@type\":\"BreadcrumbList\",\"@id\":\"https:\\\/\\\/monkey-business.de\\\/home\\\/olli#breadcrumb\",\"itemListElement\":[{\"@type\":\"ListItem\",\"position\":1,\"name\":\"Home\",\"item\":\"https:\\\/\\\/monkey-business.de\\\/home\\\/\"},{\"@type\":\"ListItem\",\"position\":2,\"name\":\"Olli\"}]},{\"@type\":\"WebSite\",\"@id\":\"https:\\\/\\\/monkey-business.de\\\/home\\\/#website\",\"url\":\"https:\\\/\\\/monkey-business.de\\\/home\\\/\",\"name\":\"Monkey Business\",\"description\":\"\",\"potentialAction\":[{\"@type\":\"SearchAction\",\"target\":{\"@type\":\"EntryPoint\",\"urlTemplate\":\"https:\\\/\\\/monkey-business.de\\\/home\\\/?s={search_term_string}\"},\"query-input\":{\"@type\":\"PropertyValueSpecification\",\"valueRequired\":true,\"valueName\":\"search_term_string\"}}],\"inLanguage\":\"de\"}]}<\/script>\n<!-- \/ Yoast SEO plugin. -->","yoast_head_json":{"title":"Olli -","description":"Olli ist irgendwie von Geburt an musikalisch und machte bereits mit 3 Jahren seine erste B\u00fchnenerfahrung. Er hat sich im Urlaub einfach bei einer Combo auf die B\u00fchne gestellt und abgerockt. Dann wurde er in die musikalische Fr\u00fcherziehung geschickt und hat zu seinem 6. Geburtstag ein Keyboard inkl. Lehrbuch geschenkt bekommen.","robots":{"index":"index","follow":"follow","max-snippet":"max-snippet:-1","max-image-preview":"max-image-preview:large","max-video-preview":"max-video-preview:-1"},"canonical":"https:\/\/monkey-business.de\/home\/olli","og_locale":"de_DE","og_type":"article","og_title":"Olli -","og_description":"Olli ist irgendwie von Geburt an musikalisch und machte bereits mit 3 Jahren seine erste B\u00fchnenerfahrung. Er hat sich im Urlaub einfach bei einer Combo auf die B\u00fchne gestellt und abgerockt. Dann wurde er in die musikalische Fr\u00fcherziehung geschickt und hat zu seinem 6. Geburtstag ein Keyboard inkl. Lehrbuch geschenkt bekommen.","og_url":"https:\/\/monkey-business.de\/home\/olli","article_publisher":"https:\/\/www.facebook.com\/MonkeyBusinessRock","article_modified_time":"2023-08-21T09:49:00+00:00","og_image":[{"url":"https:\/\/monkey-business.de\/wp-content\/uploads\/2022\/12\/BWDS9421-768x1024.jpg","type":"","width":"","height":""}],"twitter_card":"summary_large_image","schema":{"@context":"https:\/\/schema.org","@graph":[{"@type":"WebPage","@id":"https:\/\/monkey-business.de\/home\/olli","url":"https:\/\/monkey-business.de\/home\/olli","name":"Olli -","isPartOf":{"@id":"https:\/\/monkey-business.de\/home\/#website"},"primaryImageOfPage":{"@id":"https:\/\/monkey-business.de\/home\/olli#primaryimage"},"image":{"@id":"https:\/\/monkey-business.de\/home\/olli#primaryimage"},"thumbnailUrl":"https:\/\/monkey-business.de\/wp-content\/uploads\/2022\/12\/BWDS9421-768x1024.jpg","datePublished":"2015-12-09T15:30:31+00:00","dateModified":"2023-08-21T09:49:00+00:00","description":"Olli ist irgendwie von Geburt an musikalisch und machte bereits mit 3 Jahren seine erste B\u00fchnenerfahrung. Er hat sich im Urlaub einfach bei einer Combo auf die B\u00fchne gestellt und abgerockt. Dann wurde er in die musikalische Fr\u00fcherziehung geschickt und hat zu seinem 6. Geburtstag ein Keyboard inkl. Lehrbuch geschenkt bekommen.","breadcrumb":{"@id":"https:\/\/monkey-business.de\/home\/olli#breadcrumb"},"inLanguage":"de","potentialAction":[{"@type":"ReadAction","target":["https:\/\/monkey-business.de\/home\/olli"]}]},{"@type":"ImageObject","inLanguage":"de","@id":"https:\/\/monkey-business.de\/home\/olli#primaryimage","url":"https:\/\/monkey-business.de\/wp-content\/uploads\/2022\/12\/BWDS9421-768x1024.jpg","contentUrl":"https:\/\/monkey-business.de\/wp-content\/uploads\/2022\/12\/BWDS9421-768x1024.jpg"},{"@type":"BreadcrumbList","@id":"https:\/\/monkey-business.de\/home\/olli#breadcrumb","itemListElement":[{"@type":"ListItem","position":1,"name":"Home","item":"https:\/\/monkey-business.de\/home\/"},{"@type":"ListItem","position":2,"name":"Olli"}]},{"@type":"WebSite","@id":"https:\/\/monkey-business.de\/home\/#website","url":"https:\/\/monkey-business.de\/home\/","name":"Monkey Business","description":"","potentialAction":[{"@type":"SearchAction","target":{"@type":"EntryPoint","urlTemplate":"https:\/\/monkey-business.de\/home\/?s={search_term_string}"},"query-input":{"@type":"PropertyValueSpecification","valueRequired":true,"valueName":"search_term_string"}}],"inLanguage":"de"}]}},"_links":{"self":[{"href":"http:\/\/monkey-business.de\/home\/wp-json\/wp\/v2\/pages\/295","targetHints":{"allow":["GET"]}}],"collection":[{"href":"http:\/\/monkey-business.de\/home\/wp-json\/wp\/v2\/pages"}],"about":[{"href":"http:\/\/monkey-business.de\/home\/wp-json\/wp\/v2\/types\/page"}],"author":[{"embeddable":true,"href":"http:\/\/monkey-business.de\/home\/wp-json\/wp\/v2\/users\/1"}],"replies":[{"embeddable":true,"href":"http:\/\/monkey-business.de\/home\/wp-json\/wp\/v2\/comments?post=295"}],"version-history":[{"count":11,"href":"http:\/\/monkey-business.de\/home\/wp-json\/wp\/v2\/pages\/295\/revisions"}],"predecessor-version":[{"id":2508,"href":"http:\/\/monkey-business.de\/home\/wp-json\/wp\/v2\/pages\/295\/revisions\/2508"}],"wp:attachment":[{"href":"http:\/\/monkey-business.de\/home\/wp-json\/wp\/v2\/media?parent=295"}],"curies":[{"name":"wp","href":"https:\/\/api.w.org\/{rel}","templated":true}]}}