{"id":291,"date":"2015-12-09T15:27:50","date_gmt":"2015-12-09T15:27:50","guid":{"rendered":"http:\/\/monkey-business.de\/?page_id=291"},"modified":"2023-08-21T09:49:15","modified_gmt":"2023-08-21T09:49:15","slug":"juergen","status":"publish","type":"page","link":"http:\/\/monkey-business.de\/home\/juergen","title":{"rendered":"J\u00fcrgen"},"content":{"rendered":"\n<figure class=\"wp-block-gallery has-nested-images columns-default is-cropped wp-block-gallery-1 is-layout-flex wp-block-gallery-is-layout-flex\">\n<figure class=\"wp-block-image size-large\"><a href=\"https:\/\/monkey-business.de\/wp-content\/uploads\/2022\/12\/KH1_0081.jpg\"><img loading=\"lazy\" decoding=\"async\" width=\"1024\" height=\"682\" data-id=\"2366\" src=\"https:\/\/monkey-business.de\/wp-content\/uploads\/2022\/12\/KH1_0081-1024x682.jpg\" alt=\"\" class=\"wp-image-2366\" srcset=\"http:\/\/monkey-business.de\/wp-content\/uploads\/2022\/12\/KH1_0081-1024x682.jpg 1024w, http:\/\/monkey-business.de\/wp-content\/uploads\/2022\/12\/KH1_0081-300x200.jpg 300w, http:\/\/monkey-business.de\/wp-content\/uploads\/2022\/12\/KH1_0081-768x512.jpg 768w, http:\/\/monkey-business.de\/wp-content\/uploads\/2022\/12\/KH1_0081-1536x1024.jpg 1536w, http:\/\/monkey-business.de\/wp-content\/uploads\/2022\/12\/KH1_0081.jpg 2000w\" sizes=\"auto, (max-width: 1024px) 100vw, 1024px\" \/><\/a><\/figure>\n\n\n\n<figure class=\"wp-block-image size-large\"><a href=\"https:\/\/monkey-business.de\/wp-content\/uploads\/2022\/12\/KH1_0241.jpg\"><img loading=\"lazy\" decoding=\"async\" width=\"682\" height=\"1024\" data-id=\"2371\" src=\"https:\/\/monkey-business.de\/wp-content\/uploads\/2022\/12\/KH1_0241-682x1024.jpg\" alt=\"\" class=\"wp-image-2371\" srcset=\"http:\/\/monkey-business.de\/wp-content\/uploads\/2022\/12\/KH1_0241-682x1024.jpg 682w, http:\/\/monkey-business.de\/wp-content\/uploads\/2022\/12\/KH1_0241-200x300.jpg 200w, http:\/\/monkey-business.de\/wp-content\/uploads\/2022\/12\/KH1_0241-768x1152.jpg 768w, http:\/\/monkey-business.de\/wp-content\/uploads\/2022\/12\/KH1_0241-1024x1536.jpg 1024w, http:\/\/monkey-business.de\/wp-content\/uploads\/2022\/12\/KH1_0241.jpg 1333w\" sizes=\"auto, (max-width: 682px) 100vw, 682px\" \/><\/a><\/figure>\n\n\n\n<figure class=\"wp-block-image size-large\"><a href=\"https:\/\/monkey-business.de\/wp-content\/uploads\/2022\/12\/KH1_0266.jpg\"><img loading=\"lazy\" decoding=\"async\" width=\"1024\" height=\"682\" data-id=\"2372\" src=\"https:\/\/monkey-business.de\/wp-content\/uploads\/2022\/12\/KH1_0266-1024x682.jpg\" alt=\"\" class=\"wp-image-2372\" srcset=\"http:\/\/monkey-business.de\/wp-content\/uploads\/2022\/12\/KH1_0266-1024x682.jpg 1024w, http:\/\/monkey-business.de\/wp-content\/uploads\/2022\/12\/KH1_0266-300x200.jpg 300w, http:\/\/monkey-business.de\/wp-content\/uploads\/2022\/12\/KH1_0266-768x512.jpg 768w, http:\/\/monkey-business.de\/wp-content\/uploads\/2022\/12\/KH1_0266-1536x1024.jpg 1536w, http:\/\/monkey-business.de\/wp-content\/uploads\/2022\/12\/KH1_0266.jpg 2000w\" sizes=\"auto, (max-width: 1024px) 100vw, 1024px\" \/><\/a><\/figure>\n\n\n\n<figure class=\"wp-block-image size-large\"><a href=\"https:\/\/monkey-business.de\/wp-content\/uploads\/2022\/12\/KH1_5737.jpg\"><img loading=\"lazy\" decoding=\"async\" width=\"682\" height=\"1024\" data-id=\"2368\" src=\"https:\/\/monkey-business.de\/wp-content\/uploads\/2022\/12\/KH1_5737-682x1024.jpg\" alt=\"\" class=\"wp-image-2368\" srcset=\"http:\/\/monkey-business.de\/wp-content\/uploads\/2022\/12\/KH1_5737-682x1024.jpg 682w, http:\/\/monkey-business.de\/wp-content\/uploads\/2022\/12\/KH1_5737-200x300.jpg 200w, http:\/\/monkey-business.de\/wp-content\/uploads\/2022\/12\/KH1_5737-768x1152.jpg 768w, http:\/\/monkey-business.de\/wp-content\/uploads\/2022\/12\/KH1_5737-1024x1536.jpg 1024w, http:\/\/monkey-business.de\/wp-content\/uploads\/2022\/12\/KH1_5737.jpg 1333w\" sizes=\"auto, (max-width: 682px) 100vw, 682px\" \/><\/a><\/figure>\n\n\n\n<figure class=\"wp-block-image size-large\"><a href=\"https:\/\/monkey-business.de\/wp-content\/uploads\/2022\/12\/KH1_5739.jpg\"><img loading=\"lazy\" decoding=\"async\" width=\"682\" height=\"1024\" data-id=\"2367\" src=\"https:\/\/monkey-business.de\/wp-content\/uploads\/2022\/12\/KH1_5739-682x1024.jpg\" alt=\"\" class=\"wp-image-2367\" srcset=\"http:\/\/monkey-business.de\/wp-content\/uploads\/2022\/12\/KH1_5739-682x1024.jpg 682w, http:\/\/monkey-business.de\/wp-content\/uploads\/2022\/12\/KH1_5739-200x300.jpg 200w, http:\/\/monkey-business.de\/wp-content\/uploads\/2022\/12\/KH1_5739-768x1152.jpg 768w, http:\/\/monkey-business.de\/wp-content\/uploads\/2022\/12\/KH1_5739-1024x1536.jpg 1024w, http:\/\/monkey-business.de\/wp-content\/uploads\/2022\/12\/KH1_5739.jpg 1333w\" sizes=\"auto, (max-width: 682px) 100vw, 682px\" \/><\/a><\/figure>\n\n\n\n<figure class=\"wp-block-image size-large\"><a href=\"https:\/\/monkey-business.de\/wp-content\/uploads\/2022\/12\/KH1_5761.jpg\"><img loading=\"lazy\" decoding=\"async\" width=\"682\" height=\"1024\" data-id=\"2370\" src=\"https:\/\/monkey-business.de\/wp-content\/uploads\/2022\/12\/KH1_5761-682x1024.jpg\" alt=\"\" class=\"wp-image-2370\" srcset=\"http:\/\/monkey-business.de\/wp-content\/uploads\/2022\/12\/KH1_5761-682x1024.jpg 682w, http:\/\/monkey-business.de\/wp-content\/uploads\/2022\/12\/KH1_5761-200x300.jpg 200w, http:\/\/monkey-business.de\/wp-content\/uploads\/2022\/12\/KH1_5761-768x1152.jpg 768w, http:\/\/monkey-business.de\/wp-content\/uploads\/2022\/12\/KH1_5761-1024x1536.jpg 1024w, http:\/\/monkey-business.de\/wp-content\/uploads\/2022\/12\/KH1_5761.jpg 1333w\" sizes=\"auto, (max-width: 682px) 100vw, 682px\" \/><\/a><\/figure>\n\n\n\n<figure class=\"wp-block-image size-large\"><a href=\"https:\/\/monkey-business.de\/wp-content\/uploads\/2022\/12\/KH1_5797.jpg\"><img loading=\"lazy\" decoding=\"async\" width=\"682\" height=\"1024\" data-id=\"2373\" src=\"https:\/\/monkey-business.de\/wp-content\/uploads\/2022\/12\/KH1_5797-682x1024.jpg\" alt=\"\" class=\"wp-image-2373\" srcset=\"http:\/\/monkey-business.de\/wp-content\/uploads\/2022\/12\/KH1_5797-682x1024.jpg 682w, http:\/\/monkey-business.de\/wp-content\/uploads\/2022\/12\/KH1_5797-200x300.jpg 200w, http:\/\/monkey-business.de\/wp-content\/uploads\/2022\/12\/KH1_5797-768x1152.jpg 768w, http:\/\/monkey-business.de\/wp-content\/uploads\/2022\/12\/KH1_5797-1024x1536.jpg 1024w, http:\/\/monkey-business.de\/wp-content\/uploads\/2022\/12\/KH1_5797.jpg 1333w\" sizes=\"auto, (max-width: 682px) 100vw, 682px\" \/><\/a><\/figure>\n\n\n\n<figure class=\"wp-block-image size-large\"><a href=\"https:\/\/monkey-business.de\/wp-content\/uploads\/2022\/12\/KH1_5798.jpg\"><img loading=\"lazy\" decoding=\"async\" width=\"682\" height=\"1024\" data-id=\"2369\" src=\"https:\/\/monkey-business.de\/wp-content\/uploads\/2022\/12\/KH1_5798-682x1024.jpg\" alt=\"\" class=\"wp-image-2369\" srcset=\"http:\/\/monkey-business.de\/wp-content\/uploads\/2022\/12\/KH1_5798-682x1024.jpg 682w, http:\/\/monkey-business.de\/wp-content\/uploads\/2022\/12\/KH1_5798-200x300.jpg 200w, http:\/\/monkey-business.de\/wp-content\/uploads\/2022\/12\/KH1_5798-768x1152.jpg 768w, http:\/\/monkey-business.de\/wp-content\/uploads\/2022\/12\/KH1_5798-1024x1536.jpg 1024w, http:\/\/monkey-business.de\/wp-content\/uploads\/2022\/12\/KH1_5798.jpg 1333w\" sizes=\"auto, (max-width: 682px) 100vw, 682px\" \/><\/a><\/figure>\n\n\n\n<figure class=\"wp-block-image size-large\"><a href=\"https:\/\/monkey-business.de\/wp-content\/uploads\/2022\/12\/KH1_5827.jpg\"><img loading=\"lazy\" decoding=\"async\" width=\"1024\" height=\"682\" data-id=\"2374\" src=\"https:\/\/monkey-business.de\/wp-content\/uploads\/2022\/12\/KH1_5827-1024x682.jpg\" alt=\"\" class=\"wp-image-2374\" srcset=\"http:\/\/monkey-business.de\/wp-content\/uploads\/2022\/12\/KH1_5827-1024x682.jpg 1024w, http:\/\/monkey-business.de\/wp-content\/uploads\/2022\/12\/KH1_5827-300x200.jpg 300w, http:\/\/monkey-business.de\/wp-content\/uploads\/2022\/12\/KH1_5827-768x512.jpg 768w, http:\/\/monkey-business.de\/wp-content\/uploads\/2022\/12\/KH1_5827-1536x1024.jpg 1536w, http:\/\/monkey-business.de\/wp-content\/uploads\/2022\/12\/KH1_5827.jpg 2000w\" sizes=\"auto, (max-width: 1024px) 100vw, 1024px\" \/><\/a><\/figure>\n\n\n\n<figure class=\"wp-block-image size-large\"><a href=\"https:\/\/monkey-business.de\/wp-content\/uploads\/2022\/12\/KH1_5830.jpg\"><img loading=\"lazy\" decoding=\"async\" width=\"1024\" height=\"682\" data-id=\"2375\" src=\"https:\/\/monkey-business.de\/wp-content\/uploads\/2022\/12\/KH1_5830-1024x682.jpg\" alt=\"\" class=\"wp-image-2375\" srcset=\"http:\/\/monkey-business.de\/wp-content\/uploads\/2022\/12\/KH1_5830-1024x682.jpg 1024w, http:\/\/monkey-business.de\/wp-content\/uploads\/2022\/12\/KH1_5830-300x200.jpg 300w, http:\/\/monkey-business.de\/wp-content\/uploads\/2022\/12\/KH1_5830-768x512.jpg 768w, http:\/\/monkey-business.de\/wp-content\/uploads\/2022\/12\/KH1_5830-1536x1024.jpg 1536w, http:\/\/monkey-business.de\/wp-content\/uploads\/2022\/12\/KH1_5830.jpg 2000w\" sizes=\"auto, (max-width: 1024px) 100vw, 1024px\" \/><\/a><\/figure>\n<\/figure>\n\n\n\n<figure class=\"wp-block-gallery has-nested-images columns-default is-cropped wp-block-gallery-2 is-layout-flex wp-block-gallery-is-layout-flex\">\n<figure class=\"wp-block-image size-large\"><a href=\"https:\/\/monkey-business.de\/wp-content\/uploads\/2019\/12\/IMG-20191101-WA0017.jpg\"><img loading=\"lazy\" decoding=\"async\" width=\"478\" height=\"1024\" data-id=\"1733\" src=\"https:\/\/monkey-business.de\/wp-content\/uploads\/2019\/12\/IMG-20191101-WA0017-478x1024.jpg\" alt=\"\" class=\"wp-image-1733\" srcset=\"http:\/\/monkey-business.de\/wp-content\/uploads\/2019\/12\/IMG-20191101-WA0017-478x1024.jpg 478w, http:\/\/monkey-business.de\/wp-content\/uploads\/2019\/12\/IMG-20191101-WA0017-140x300.jpg 140w, http:\/\/monkey-business.de\/wp-content\/uploads\/2019\/12\/IMG-20191101-WA0017-718x1536.jpg 718w, http:\/\/monkey-business.de\/wp-content\/uploads\/2019\/12\/IMG-20191101-WA0017.jpg 747w\" sizes=\"auto, (max-width: 478px) 100vw, 478px\" \/><\/a><\/figure>\n\n\n\n<figure class=\"wp-block-image size-large\"><a href=\"https:\/\/monkey-business.de\/wp-content\/uploads\/2018\/11\/1120071.jpg\"><img loading=\"lazy\" decoding=\"async\" width=\"684\" height=\"1024\" data-id=\"1424\" src=\"https:\/\/monkey-business.de\/wp-content\/uploads\/2018\/11\/1120071-684x1024.jpg\" alt=\"\" class=\"wp-image-1424\" srcset=\"http:\/\/monkey-business.de\/wp-content\/uploads\/2018\/11\/1120071-684x1024.jpg 684w, http:\/\/monkey-business.de\/wp-content\/uploads\/2018\/11\/1120071-201x300.jpg 201w, http:\/\/monkey-business.de\/wp-content\/uploads\/2018\/11\/1120071-768x1149.jpg 768w, http:\/\/monkey-business.de\/wp-content\/uploads\/2018\/11\/1120071.jpg 1203w\" sizes=\"auto, (max-width: 684px) 100vw, 684px\" \/><\/a><figcaption class=\"wp-element-caption\">26.10.2018<\/figcaption><\/figure>\n\n\n\n<figure class=\"wp-block-image size-large\"><a href=\"https:\/\/monkey-business.de\/wp-content\/uploads\/2018\/08\/36783060_1129313613891242_4091874686462328832_n.jpg\"><img loading=\"lazy\" decoding=\"async\" width=\"466\" height=\"960\" data-id=\"1266\" src=\"https:\/\/monkey-business.de\/wp-content\/uploads\/2018\/08\/36783060_1129313613891242_4091874686462328832_n.jpg\" alt=\"\" class=\"wp-image-1266\" srcset=\"http:\/\/monkey-business.de\/wp-content\/uploads\/2018\/08\/36783060_1129313613891242_4091874686462328832_n.jpg 466w, http:\/\/monkey-business.de\/wp-content\/uploads\/2018\/08\/36783060_1129313613891242_4091874686462328832_n-146x300.jpg 146w\" sizes=\"auto, (max-width: 466px) 100vw, 466px\" \/><\/a><\/figure>\n\n\n\n<figure class=\"wp-block-image size-large\"><a href=\"https:\/\/monkey-business.de\/wp-content\/uploads\/2018\/03\/IMGP2378.jpg\"><img loading=\"lazy\" decoding=\"async\" width=\"667\" height=\"1000\" data-id=\"946\" src=\"https:\/\/monkey-business.de\/wp-content\/uploads\/2018\/03\/IMGP2378.jpg\" alt=\"\" class=\"wp-image-946\" srcset=\"http:\/\/monkey-business.de\/wp-content\/uploads\/2018\/03\/IMGP2378.jpg 667w, http:\/\/monkey-business.de\/wp-content\/uploads\/2018\/03\/IMGP2378-200x300.jpg 200w, http:\/\/monkey-business.de\/wp-content\/uploads\/2018\/03\/IMGP2378-250x375.jpg 250w\" sizes=\"auto, (max-width: 667px) 100vw, 667px\" \/><\/a><figcaption class=\"wp-element-caption\">17.03.2018<\/figcaption><\/figure>\n\n\n\n<figure class=\"wp-block-image size-large\"><a href=\"https:\/\/monkey-business.de\/wp-content\/uploads\/2015\/12\/VorstelBildJ\u00fcrgen1.jpg\"><img decoding=\"async\" data-id=\"255\" src=\"https:\/\/monkey-business.de\/wp-content\/uploads\/2015\/12\/VorstelBildJ\u00fcrgen1.jpg\" alt=\"\" class=\"wp-image-255\"\/><\/a><\/figure>\n<\/figure>\n\n\n\n<p><strong>J\u00fcrgen<\/strong><\/p>\n\n\n\n<h5 class=\"wp-block-heading\">Aufgabe in der Band:<\/h5>\n\n\n\n<ul class=\"wp-block-list\">\n<li>Bassmann<\/li>\n<\/ul>\n\n\n\n<h5 class=\"wp-block-heading\">Unter diesen Verr\u00fcckten seit:<\/h5>\n\n\n\n<ul class=\"wp-block-list\">\n<li>Sommer 2014<\/li>\n<\/ul>\n\n\n\n<h5 class=\"wp-block-heading\">Es war einmal:<\/h5>\n\n\n\n<ul class=\"wp-block-list\">\n<li>So beginnen M\u00e4rchen immer &#8230; mal sehen, was aus diesen 7 Affen wird, die Gei\u00dflein wurden ja vom b\u00f6sen Wolf gefressen<\/li>\n<\/ul>\n\n\n\n<h5 class=\"wp-block-heading\">Equipment:<\/h5>\n\n\n\n<ul class=\"wp-block-list\">\n<li>Sandberg California<\/li>\n<\/ul>\n\n\n\n<h5 class=\"wp-block-heading\">Musikalische Pr\u00e4gungen:<\/h5>\n\n\n\n<ul class=\"wp-block-list\">\n<li>Red Hot Chili Peppers, Hothouse Flowers, Marillion, U2, \u2026<\/li>\n<\/ul>\n\n\n\n<h5 class=\"wp-block-heading\">Lebensmotto:<\/h5>\n\n\n\n<ul class=\"wp-block-list\">\n<li>in GOD i trust<\/li>\n<\/ul>\n\n\n\n<h5 class=\"wp-block-heading\">Besondere Macken:<\/h5>\n\n\n\n<ul class=\"wp-block-list\">\n<li>muss immer das -censored- unserer -censored- ins -censored- \u00fcbersetzen &#8230;bin halt a Schulmasda<\/li>\n<\/ul>\n\n\n\n<h5 class=\"wp-block-heading\">Warum Monkey Business:<\/h5>\n\n\n\n<ul class=\"wp-block-list\">\n<li>Da gibt\u2019s am meisten Kohle&#8230;\u00e4hm, nee, Coole!<\/li>\n<\/ul>\n\n\n\n<h5 class=\"wp-block-heading\">Kontakt:<\/h5>\n\n\n\n<ul class=\"wp-block-list\">\n<li>Juergen@Monkey-Business.de<\/li>\n<\/ul>\n\n\n\n<h5 class=\"wp-block-heading\">Biografie:<\/h5>\n\n\n\n<p>Die Kindheit und Jugend wurde mir mit klassischem und sp\u00e4ter modernem Klavierunterricht vers\u00fc\u00dft, von dem ich aber gl\u00fccklicherweise heute immer noch profitieren kann. Nach einer musikalischen Durststrecke von einigen Jahren, fiel mir ein Bass in die H\u00e4nde und damit begann meine autodidaktische \u201eRockkarriere\u201c Nach zahlreichen kleineren und gr\u00f6\u00dferen Projekten mit unterschiedlichen Bands wurde ich einige Jahre Stammbasser bei PINK MILLENIUM und landete danach schlie\u00dflich bei dieser Affenbande.<\/p>\n","protected":false},"excerpt":{"rendered":"<p>J\u00fcrgen Aufgabe in der Band: Unter diesen Verr\u00fcckten seit: Es war einmal: Equipment: Musikalische Pr\u00e4gungen: Lebensmotto: Besondere Macken: Warum Monkey Business: Kontakt: Biografie: Die Kindheit und Jugend wurde mir mit<a href=\"http:\/\/monkey-business.de\/home\/juergen\" class=\"more-link\"><span class=\"readmore\">Continue reading<span class=\"screen-reader-text\">J\u00fcrgen<\/span><\/span><\/a><\/p>\n","protected":false},"author":1,"featured_media":0,"parent":0,"menu_order":0,"comment_status":"closed","ping_status":"closed","template":"","meta":{"footnotes":""},"class_list":["post-291","page","type-page","status-publish","hentry"],"yoast_head":"<!-- This site is optimized with the Yoast SEO plugin v27.5 - https:\/\/yoast.com\/product\/yoast-seo-wordpress\/ -->\n<title>J\u00fcrgen -<\/title>\n<meta name=\"description\" content=\"Die Kindheit und Jugend wurde mir mit klassischem und sp\u00e4ter modernem Klavierunterricht vers\u00fc\u00dft, von dem ich aber gl\u00fccklicherweise heute immer noch profitieren kann. Nach einer musikalischen Durststrecke von einigen Jahren, fiel mir ein Bass in die H\u00e4nde und damit begann meine autodidaktische \u201eRockkarriere\u201c\" \/>\n<meta name=\"robots\" content=\"index, follow, max-snippet:-1, max-image-preview:large, max-video-preview:-1\" \/>\n<link rel=\"canonical\" href=\"https:\/\/monkey-business.de\/home\/juergen\" \/>\n<meta property=\"og:locale\" content=\"de_DE\" \/>\n<meta property=\"og:type\" content=\"article\" \/>\n<meta property=\"og:title\" content=\"J\u00fcrgen -\" \/>\n<meta property=\"og:description\" content=\"Die Kindheit und Jugend wurde mir mit klassischem und sp\u00e4ter modernem Klavierunterricht vers\u00fc\u00dft, von dem ich aber gl\u00fccklicherweise heute immer noch profitieren kann. Nach einer musikalischen Durststrecke von einigen Jahren, fiel mir ein Bass in die H\u00e4nde und damit begann meine autodidaktische \u201eRockkarriere\u201c\" \/>\n<meta property=\"og:url\" content=\"https:\/\/monkey-business.de\/home\/juergen\" \/>\n<meta property=\"article:publisher\" content=\"https:\/\/www.facebook.com\/MonkeyBusinessRock\" \/>\n<meta property=\"article:modified_time\" content=\"2023-08-21T09:49:15+00:00\" \/>\n<meta property=\"og:image\" content=\"https:\/\/monkey-business.de\/wp-content\/uploads\/2022\/12\/KH1_0081-1024x682.jpg\" \/>\n<meta name=\"twitter:card\" content=\"summary_large_image\" \/>\n<meta name=\"twitter:label1\" content=\"Gesch\u00e4tzte Lesezeit\" \/>\n\t<meta name=\"twitter:data1\" content=\"4\u00a0Minuten\" \/>\n<script type=\"application\/ld+json\" class=\"yoast-schema-graph\">{\"@context\":\"https:\\\/\\\/schema.org\",\"@graph\":[{\"@type\":\"WebPage\",\"@id\":\"https:\\\/\\\/monkey-business.de\\\/home\\\/juergen\",\"url\":\"https:\\\/\\\/monkey-business.de\\\/home\\\/juergen\",\"name\":\"J\u00fcrgen -\",\"isPartOf\":{\"@id\":\"https:\\\/\\\/monkey-business.de\\\/home\\\/#website\"},\"primaryImageOfPage\":{\"@id\":\"https:\\\/\\\/monkey-business.de\\\/home\\\/juergen#primaryimage\"},\"image\":{\"@id\":\"https:\\\/\\\/monkey-business.de\\\/home\\\/juergen#primaryimage\"},\"thumbnailUrl\":\"https:\\\/\\\/monkey-business.de\\\/wp-content\\\/uploads\\\/2022\\\/12\\\/KH1_0081-1024x682.jpg\",\"datePublished\":\"2015-12-09T15:27:50+00:00\",\"dateModified\":\"2023-08-21T09:49:15+00:00\",\"description\":\"Die Kindheit und Jugend wurde mir mit klassischem und sp\u00e4ter modernem Klavierunterricht vers\u00fc\u00dft, von dem ich aber gl\u00fccklicherweise heute immer noch profitieren kann. Nach einer musikalischen Durststrecke von einigen Jahren, fiel mir ein Bass in die H\u00e4nde und damit begann meine autodidaktische \u201eRockkarriere\u201c\",\"breadcrumb\":{\"@id\":\"https:\\\/\\\/monkey-business.de\\\/home\\\/juergen#breadcrumb\"},\"inLanguage\":\"de\",\"potentialAction\":[{\"@type\":\"ReadAction\",\"target\":[\"https:\\\/\\\/monkey-business.de\\\/home\\\/juergen\"]}]},{\"@type\":\"ImageObject\",\"inLanguage\":\"de\",\"@id\":\"https:\\\/\\\/monkey-business.de\\\/home\\\/juergen#primaryimage\",\"url\":\"https:\\\/\\\/monkey-business.de\\\/wp-content\\\/uploads\\\/2022\\\/12\\\/KH1_0081-1024x682.jpg\",\"contentUrl\":\"https:\\\/\\\/monkey-business.de\\\/wp-content\\\/uploads\\\/2022\\\/12\\\/KH1_0081-1024x682.jpg\"},{\"@type\":\"BreadcrumbList\",\"@id\":\"https:\\\/\\\/monkey-business.de\\\/home\\\/juergen#breadcrumb\",\"itemListElement\":[{\"@type\":\"ListItem\",\"position\":1,\"name\":\"Home\",\"item\":\"https:\\\/\\\/monkey-business.de\\\/home\\\/\"},{\"@type\":\"ListItem\",\"position\":2,\"name\":\"J\u00fcrgen\"}]},{\"@type\":\"WebSite\",\"@id\":\"https:\\\/\\\/monkey-business.de\\\/home\\\/#website\",\"url\":\"https:\\\/\\\/monkey-business.de\\\/home\\\/\",\"name\":\"Monkey Business\",\"description\":\"\",\"potentialAction\":[{\"@type\":\"SearchAction\",\"target\":{\"@type\":\"EntryPoint\",\"urlTemplate\":\"https:\\\/\\\/monkey-business.de\\\/home\\\/?s={search_term_string}\"},\"query-input\":{\"@type\":\"PropertyValueSpecification\",\"valueRequired\":true,\"valueName\":\"search_term_string\"}}],\"inLanguage\":\"de\"}]}<\/script>\n<!-- \/ Yoast SEO plugin. -->","yoast_head_json":{"title":"J\u00fcrgen -","description":"Die Kindheit und Jugend wurde mir mit klassischem und sp\u00e4ter modernem Klavierunterricht vers\u00fc\u00dft, von dem ich aber gl\u00fccklicherweise heute immer noch profitieren kann. Nach einer musikalischen Durststrecke von einigen Jahren, fiel mir ein Bass in die H\u00e4nde und damit begann meine autodidaktische \u201eRockkarriere\u201c","robots":{"index":"index","follow":"follow","max-snippet":"max-snippet:-1","max-image-preview":"max-image-preview:large","max-video-preview":"max-video-preview:-1"},"canonical":"https:\/\/monkey-business.de\/home\/juergen","og_locale":"de_DE","og_type":"article","og_title":"J\u00fcrgen -","og_description":"Die Kindheit und Jugend wurde mir mit klassischem und sp\u00e4ter modernem Klavierunterricht vers\u00fc\u00dft, von dem ich aber gl\u00fccklicherweise heute immer noch profitieren kann. Nach einer musikalischen Durststrecke von einigen Jahren, fiel mir ein Bass in die H\u00e4nde und damit begann meine autodidaktische \u201eRockkarriere\u201c","og_url":"https:\/\/monkey-business.de\/home\/juergen","article_publisher":"https:\/\/www.facebook.com\/MonkeyBusinessRock","article_modified_time":"2023-08-21T09:49:15+00:00","og_image":[{"url":"https:\/\/monkey-business.de\/wp-content\/uploads\/2022\/12\/KH1_0081-1024x682.jpg","type":"","width":"","height":""}],"twitter_card":"summary_large_image","twitter_misc":{"Gesch\u00e4tzte Lesezeit":"4\u00a0Minuten"},"schema":{"@context":"https:\/\/schema.org","@graph":[{"@type":"WebPage","@id":"https:\/\/monkey-business.de\/home\/juergen","url":"https:\/\/monkey-business.de\/home\/juergen","name":"J\u00fcrgen -","isPartOf":{"@id":"https:\/\/monkey-business.de\/home\/#website"},"primaryImageOfPage":{"@id":"https:\/\/monkey-business.de\/home\/juergen#primaryimage"},"image":{"@id":"https:\/\/monkey-business.de\/home\/juergen#primaryimage"},"thumbnailUrl":"https:\/\/monkey-business.de\/wp-content\/uploads\/2022\/12\/KH1_0081-1024x682.jpg","datePublished":"2015-12-09T15:27:50+00:00","dateModified":"2023-08-21T09:49:15+00:00","description":"Die Kindheit und Jugend wurde mir mit klassischem und sp\u00e4ter modernem Klavierunterricht vers\u00fc\u00dft, von dem ich aber gl\u00fccklicherweise heute immer noch profitieren kann. Nach einer musikalischen Durststrecke von einigen Jahren, fiel mir ein Bass in die H\u00e4nde und damit begann meine autodidaktische \u201eRockkarriere\u201c","breadcrumb":{"@id":"https:\/\/monkey-business.de\/home\/juergen#breadcrumb"},"inLanguage":"de","potentialAction":[{"@type":"ReadAction","target":["https:\/\/monkey-business.de\/home\/juergen"]}]},{"@type":"ImageObject","inLanguage":"de","@id":"https:\/\/monkey-business.de\/home\/juergen#primaryimage","url":"https:\/\/monkey-business.de\/wp-content\/uploads\/2022\/12\/KH1_0081-1024x682.jpg","contentUrl":"https:\/\/monkey-business.de\/wp-content\/uploads\/2022\/12\/KH1_0081-1024x682.jpg"},{"@type":"BreadcrumbList","@id":"https:\/\/monkey-business.de\/home\/juergen#breadcrumb","itemListElement":[{"@type":"ListItem","position":1,"name":"Home","item":"https:\/\/monkey-business.de\/home\/"},{"@type":"ListItem","position":2,"name":"J\u00fcrgen"}]},{"@type":"WebSite","@id":"https:\/\/monkey-business.de\/home\/#website","url":"https:\/\/monkey-business.de\/home\/","name":"Monkey Business","description":"","potentialAction":[{"@type":"SearchAction","target":{"@type":"EntryPoint","urlTemplate":"https:\/\/monkey-business.de\/home\/?s={search_term_string}"},"query-input":{"@type":"PropertyValueSpecification","valueRequired":true,"valueName":"search_term_string"}}],"inLanguage":"de"}]}},"_links":{"self":[{"href":"http:\/\/monkey-business.de\/home\/wp-json\/wp\/v2\/pages\/291","targetHints":{"allow":["GET"]}}],"collection":[{"href":"http:\/\/monkey-business.de\/home\/wp-json\/wp\/v2\/pages"}],"about":[{"href":"http:\/\/monkey-business.de\/home\/wp-json\/wp\/v2\/types\/page"}],"author":[{"embeddable":true,"href":"http:\/\/monkey-business.de\/home\/wp-json\/wp\/v2\/users\/1"}],"replies":[{"embeddable":true,"href":"http:\/\/monkey-business.de\/home\/wp-json\/wp\/v2\/comments?post=291"}],"version-history":[{"count":7,"href":"http:\/\/monkey-business.de\/home\/wp-json\/wp\/v2\/pages\/291\/revisions"}],"predecessor-version":[{"id":2509,"href":"http:\/\/monkey-business.de\/home\/wp-json\/wp\/v2\/pages\/291\/revisions\/2509"}],"wp:attachment":[{"href":"http:\/\/monkey-business.de\/home\/wp-json\/wp\/v2\/media?parent=291"}],"curies":[{"name":"wp","href":"https:\/\/api.w.org\/{rel}","templated":true}]}}