{"id":288,"date":"2015-12-09T15:23:11","date_gmt":"2015-12-09T15:23:11","guid":{"rendered":"http:\/\/monkey-business.de\/?page_id=288"},"modified":"2023-08-21T09:49:28","modified_gmt":"2023-08-21T09:49:28","slug":"joerg","status":"publish","type":"page","link":"http:\/\/monkey-business.de\/home\/joerg","title":{"rendered":"J\u00f6rg"},"content":{"rendered":"\n<figure class=\"wp-block-gallery has-nested-images columns-default is-cropped wp-block-gallery-1 is-layout-flex wp-block-gallery-is-layout-flex\">\n<figure class=\"wp-block-image size-large\"><a href=\"https:\/\/monkey-business.de\/wp-content\/uploads\/2022\/12\/0c02dfd4-50f1-4198-9eed-95bb7b6e1ec0.jpg\"><img loading=\"lazy\" decoding=\"async\" width=\"1024\" height=\"682\" data-id=\"2412\" src=\"https:\/\/monkey-business.de\/wp-content\/uploads\/2022\/12\/0c02dfd4-50f1-4198-9eed-95bb7b6e1ec0-1024x682.jpg\" alt=\"\" class=\"wp-image-2412\" srcset=\"http:\/\/monkey-business.de\/wp-content\/uploads\/2022\/12\/0c02dfd4-50f1-4198-9eed-95bb7b6e1ec0-1024x682.jpg 1024w, http:\/\/monkey-business.de\/wp-content\/uploads\/2022\/12\/0c02dfd4-50f1-4198-9eed-95bb7b6e1ec0-300x200.jpg 300w, http:\/\/monkey-business.de\/wp-content\/uploads\/2022\/12\/0c02dfd4-50f1-4198-9eed-95bb7b6e1ec0-768x512.jpg 768w, http:\/\/monkey-business.de\/wp-content\/uploads\/2022\/12\/0c02dfd4-50f1-4198-9eed-95bb7b6e1ec0-1536x1023.jpg 1536w, http:\/\/monkey-business.de\/wp-content\/uploads\/2022\/12\/0c02dfd4-50f1-4198-9eed-95bb7b6e1ec0.jpg 1600w\" sizes=\"auto, (max-width: 1024px) 100vw, 1024px\" \/><\/a><\/figure>\n\n\n\n<figure class=\"wp-block-image size-large\"><a href=\"https:\/\/monkey-business.de\/wp-content\/uploads\/2022\/12\/32e63677-f3c1-4b19-b8e5-c7aa5bef0f39.jpg\"><img loading=\"lazy\" decoding=\"async\" width=\"1024\" height=\"461\" data-id=\"2411\" src=\"https:\/\/monkey-business.de\/wp-content\/uploads\/2022\/12\/32e63677-f3c1-4b19-b8e5-c7aa5bef0f39-1024x461.jpg\" alt=\"\" class=\"wp-image-2411\" srcset=\"http:\/\/monkey-business.de\/wp-content\/uploads\/2022\/12\/32e63677-f3c1-4b19-b8e5-c7aa5bef0f39-1024x461.jpg 1024w, http:\/\/monkey-business.de\/wp-content\/uploads\/2022\/12\/32e63677-f3c1-4b19-b8e5-c7aa5bef0f39-300x135.jpg 300w, http:\/\/monkey-business.de\/wp-content\/uploads\/2022\/12\/32e63677-f3c1-4b19-b8e5-c7aa5bef0f39-768x345.jpg 768w, http:\/\/monkey-business.de\/wp-content\/uploads\/2022\/12\/32e63677-f3c1-4b19-b8e5-c7aa5bef0f39-1536x691.jpg 1536w, http:\/\/monkey-business.de\/wp-content\/uploads\/2022\/12\/32e63677-f3c1-4b19-b8e5-c7aa5bef0f39.jpg 2048w\" sizes=\"auto, (max-width: 1024px) 100vw, 1024px\" \/><\/a><\/figure>\n<\/figure>\n\n\n\n<figure class=\"wp-block-gallery has-nested-images columns-default is-cropped wp-block-gallery-2 is-layout-flex wp-block-gallery-is-layout-flex\">\n<figure class=\"wp-block-image size-large\"><a href=\"https:\/\/monkey-business.de\/wp-content\/uploads\/2022\/12\/HWDS8387.jpg\"><img loading=\"lazy\" decoding=\"async\" width=\"768\" height=\"1024\" data-id=\"2358\" src=\"https:\/\/monkey-business.de\/wp-content\/uploads\/2022\/12\/HWDS8387-768x1024.jpg\" alt=\"\" class=\"wp-image-2358\" srcset=\"http:\/\/monkey-business.de\/wp-content\/uploads\/2022\/12\/HWDS8387-768x1024.jpg 768w, http:\/\/monkey-business.de\/wp-content\/uploads\/2022\/12\/HWDS8387-225x300.jpg 225w, http:\/\/monkey-business.de\/wp-content\/uploads\/2022\/12\/HWDS8387-1152x1536.jpg 1152w, http:\/\/monkey-business.de\/wp-content\/uploads\/2022\/12\/HWDS8387.jpg 1512w\" sizes=\"auto, (max-width: 768px) 100vw, 768px\" \/><\/a><\/figure>\n\n\n\n<figure class=\"wp-block-image size-large\"><a href=\"https:\/\/monkey-business.de\/wp-content\/uploads\/2022\/12\/KH1_5741.jpg\"><img loading=\"lazy\" decoding=\"async\" width=\"1024\" height=\"682\" data-id=\"2359\" src=\"https:\/\/monkey-business.de\/wp-content\/uploads\/2022\/12\/KH1_5741-1024x682.jpg\" alt=\"\" class=\"wp-image-2359\" srcset=\"http:\/\/monkey-business.de\/wp-content\/uploads\/2022\/12\/KH1_5741-1024x682.jpg 1024w, http:\/\/monkey-business.de\/wp-content\/uploads\/2022\/12\/KH1_5741-300x200.jpg 300w, http:\/\/monkey-business.de\/wp-content\/uploads\/2022\/12\/KH1_5741-768x512.jpg 768w, http:\/\/monkey-business.de\/wp-content\/uploads\/2022\/12\/KH1_5741-1536x1024.jpg 1536w, http:\/\/monkey-business.de\/wp-content\/uploads\/2022\/12\/KH1_5741.jpg 2000w\" sizes=\"auto, (max-width: 1024px) 100vw, 1024px\" \/><\/a><\/figure>\n\n\n\n<figure class=\"wp-block-image size-large\"><a href=\"https:\/\/monkey-business.de\/wp-content\/uploads\/2022\/12\/KH1_5774.jpg\"><img loading=\"lazy\" decoding=\"async\" width=\"682\" height=\"1024\" data-id=\"2364\" src=\"https:\/\/monkey-business.de\/wp-content\/uploads\/2022\/12\/KH1_5774-682x1024.jpg\" alt=\"\" class=\"wp-image-2364\" srcset=\"http:\/\/monkey-business.de\/wp-content\/uploads\/2022\/12\/KH1_5774-682x1024.jpg 682w, http:\/\/monkey-business.de\/wp-content\/uploads\/2022\/12\/KH1_5774-200x300.jpg 200w, http:\/\/monkey-business.de\/wp-content\/uploads\/2022\/12\/KH1_5774-768x1152.jpg 768w, http:\/\/monkey-business.de\/wp-content\/uploads\/2022\/12\/KH1_5774-1024x1536.jpg 1024w, http:\/\/monkey-business.de\/wp-content\/uploads\/2022\/12\/KH1_5774.jpg 1333w\" sizes=\"auto, (max-width: 682px) 100vw, 682px\" \/><\/a><\/figure>\n\n\n\n<figure class=\"wp-block-image size-large\"><a href=\"https:\/\/monkey-business.de\/wp-content\/uploads\/2022\/12\/KH1_5800.jpg\"><img loading=\"lazy\" decoding=\"async\" width=\"1024\" height=\"682\" data-id=\"2360\" src=\"https:\/\/monkey-business.de\/wp-content\/uploads\/2022\/12\/KH1_5800-1024x682.jpg\" alt=\"\" class=\"wp-image-2360\" srcset=\"http:\/\/monkey-business.de\/wp-content\/uploads\/2022\/12\/KH1_5800-1024x682.jpg 1024w, http:\/\/monkey-business.de\/wp-content\/uploads\/2022\/12\/KH1_5800-300x200.jpg 300w, http:\/\/monkey-business.de\/wp-content\/uploads\/2022\/12\/KH1_5800-768x512.jpg 768w, http:\/\/monkey-business.de\/wp-content\/uploads\/2022\/12\/KH1_5800-1536x1024.jpg 1536w, http:\/\/monkey-business.de\/wp-content\/uploads\/2022\/12\/KH1_5800.jpg 2000w\" sizes=\"auto, (max-width: 1024px) 100vw, 1024px\" \/><\/a><\/figure>\n\n\n\n<figure class=\"wp-block-image size-large\"><a href=\"https:\/\/monkey-business.de\/wp-content\/uploads\/2022\/12\/KH1_5804.jpg\"><img loading=\"lazy\" decoding=\"async\" width=\"1024\" height=\"682\" data-id=\"2362\" src=\"https:\/\/monkey-business.de\/wp-content\/uploads\/2022\/12\/KH1_5804-1024x682.jpg\" alt=\"\" class=\"wp-image-2362\" srcset=\"http:\/\/monkey-business.de\/wp-content\/uploads\/2022\/12\/KH1_5804-1024x682.jpg 1024w, http:\/\/monkey-business.de\/wp-content\/uploads\/2022\/12\/KH1_5804-300x200.jpg 300w, http:\/\/monkey-business.de\/wp-content\/uploads\/2022\/12\/KH1_5804-768x512.jpg 768w, http:\/\/monkey-business.de\/wp-content\/uploads\/2022\/12\/KH1_5804-1536x1024.jpg 1536w, http:\/\/monkey-business.de\/wp-content\/uploads\/2022\/12\/KH1_5804.jpg 2000w\" sizes=\"auto, (max-width: 1024px) 100vw, 1024px\" \/><\/a><\/figure>\n\n\n\n<figure class=\"wp-block-image size-large\"><a href=\"https:\/\/monkey-business.de\/wp-content\/uploads\/2022\/12\/KH1_5822.jpg\"><img loading=\"lazy\" decoding=\"async\" width=\"1024\" height=\"682\" data-id=\"2361\" src=\"https:\/\/monkey-business.de\/wp-content\/uploads\/2022\/12\/KH1_5822-1024x682.jpg\" alt=\"\" class=\"wp-image-2361\" srcset=\"http:\/\/monkey-business.de\/wp-content\/uploads\/2022\/12\/KH1_5822-1024x682.jpg 1024w, http:\/\/monkey-business.de\/wp-content\/uploads\/2022\/12\/KH1_5822-300x200.jpg 300w, http:\/\/monkey-business.de\/wp-content\/uploads\/2022\/12\/KH1_5822-768x512.jpg 768w, http:\/\/monkey-business.de\/wp-content\/uploads\/2022\/12\/KH1_5822-1536x1024.jpg 1536w, http:\/\/monkey-business.de\/wp-content\/uploads\/2022\/12\/KH1_5822.jpg 2000w\" sizes=\"auto, (max-width: 1024px) 100vw, 1024px\" \/><\/a><\/figure>\n\n\n\n<figure class=\"wp-block-image size-large\"><a href=\"https:\/\/monkey-business.de\/wp-content\/uploads\/2022\/12\/KH1_6017.jpg\"><img loading=\"lazy\" decoding=\"async\" width=\"1024\" height=\"682\" data-id=\"2363\" src=\"https:\/\/monkey-business.de\/wp-content\/uploads\/2022\/12\/KH1_6017-1024x682.jpg\" alt=\"\" class=\"wp-image-2363\" srcset=\"http:\/\/monkey-business.de\/wp-content\/uploads\/2022\/12\/KH1_6017-1024x682.jpg 1024w, http:\/\/monkey-business.de\/wp-content\/uploads\/2022\/12\/KH1_6017-300x200.jpg 300w, http:\/\/monkey-business.de\/wp-content\/uploads\/2022\/12\/KH1_6017-768x512.jpg 768w, http:\/\/monkey-business.de\/wp-content\/uploads\/2022\/12\/KH1_6017-1536x1024.jpg 1536w, http:\/\/monkey-business.de\/wp-content\/uploads\/2022\/12\/KH1_6017.jpg 2000w\" sizes=\"auto, (max-width: 1024px) 100vw, 1024px\" \/><\/a><\/figure>\n\n\n\n<figure class=\"wp-block-image size-large\"><a href=\"https:\/\/monkey-business.de\/wp-content\/uploads\/2022\/12\/PHOTO-2022-06-18-18-28-25-5.jpg\"><img loading=\"lazy\" decoding=\"async\" width=\"768\" height=\"1024\" data-id=\"2357\" src=\"https:\/\/monkey-business.de\/wp-content\/uploads\/2022\/12\/PHOTO-2022-06-18-18-28-25-5-768x1024.jpg\" alt=\"\" class=\"wp-image-2357\" srcset=\"http:\/\/monkey-business.de\/wp-content\/uploads\/2022\/12\/PHOTO-2022-06-18-18-28-25-5-768x1024.jpg 768w, http:\/\/monkey-business.de\/wp-content\/uploads\/2022\/12\/PHOTO-2022-06-18-18-28-25-5-225x300.jpg 225w, http:\/\/monkey-business.de\/wp-content\/uploads\/2022\/12\/PHOTO-2022-06-18-18-28-25-5-1152x1536.jpg 1152w, http:\/\/monkey-business.de\/wp-content\/uploads\/2022\/12\/PHOTO-2022-06-18-18-28-25-5.jpg 1536w\" sizes=\"auto, (max-width: 768px) 100vw, 768px\" \/><\/a><\/figure>\n<\/figure>\n\n\n\n<figure class=\"wp-block-gallery has-nested-images columns-default is-cropped wp-block-gallery-3 is-layout-flex wp-block-gallery-is-layout-flex\">\n<figure class=\"wp-block-image size-large\"><a href=\"https:\/\/monkey-business.de\/wp-content\/uploads\/2019\/12\/IMG-20191101-WA0052.jpg\"><img loading=\"lazy\" decoding=\"async\" width=\"1024\" height=\"978\" data-id=\"1784\" src=\"https:\/\/monkey-business.de\/wp-content\/uploads\/2019\/12\/IMG-20191101-WA0052-1024x978.jpg\" alt=\"\" class=\"wp-image-1784\" srcset=\"http:\/\/monkey-business.de\/wp-content\/uploads\/2019\/12\/IMG-20191101-WA0052-1024x978.jpg 1024w, http:\/\/monkey-business.de\/wp-content\/uploads\/2019\/12\/IMG-20191101-WA0052-300x287.jpg 300w, http:\/\/monkey-business.de\/wp-content\/uploads\/2019\/12\/IMG-20191101-WA0052-768x734.jpg 768w, http:\/\/monkey-business.de\/wp-content\/uploads\/2019\/12\/IMG-20191101-WA0052.jpg 1070w\" sizes=\"auto, (max-width: 1024px) 100vw, 1024px\" \/><\/a><\/figure>\n\n\n\n<figure class=\"wp-block-image size-large\"><a href=\"https:\/\/monkey-business.de\/wp-content\/uploads\/2018\/08\/36817119_1129313520557918_1100211106149826560_o.jpg\"><img loading=\"lazy\" decoding=\"async\" width=\"1024\" height=\"498\" data-id=\"1273\" src=\"https:\/\/monkey-business.de\/wp-content\/uploads\/2018\/08\/36817119_1129313520557918_1100211106149826560_o-1024x498.jpg\" alt=\"\" class=\"wp-image-1273\" srcset=\"http:\/\/monkey-business.de\/wp-content\/uploads\/2018\/08\/36817119_1129313520557918_1100211106149826560_o-1024x498.jpg 1024w, http:\/\/monkey-business.de\/wp-content\/uploads\/2018\/08\/36817119_1129313520557918_1100211106149826560_o-300x146.jpg 300w, http:\/\/monkey-business.de\/wp-content\/uploads\/2018\/08\/36817119_1129313520557918_1100211106149826560_o-768x373.jpg 768w, http:\/\/monkey-business.de\/wp-content\/uploads\/2018\/08\/36817119_1129313520557918_1100211106149826560_o.jpg 1316w\" sizes=\"auto, (max-width: 1024px) 100vw, 1024px\" \/><\/a><\/figure>\n\n\n\n<figure class=\"wp-block-image size-large\"><a href=\"https:\/\/monkey-business.de\/wp-content\/uploads\/2019\/03\/51683549_10156901630323798_4669208420933435392_o.jpg\"><img loading=\"lazy\" decoding=\"async\" width=\"768\" height=\"1024\" data-id=\"1549\" src=\"https:\/\/monkey-business.de\/wp-content\/uploads\/2019\/03\/51683549_10156901630323798_4669208420933435392_o-768x1024.jpg\" alt=\"\" class=\"wp-image-1549\" srcset=\"http:\/\/monkey-business.de\/wp-content\/uploads\/2019\/03\/51683549_10156901630323798_4669208420933435392_o-768x1024.jpg 768w, http:\/\/monkey-business.de\/wp-content\/uploads\/2019\/03\/51683549_10156901630323798_4669208420933435392_o-225x300.jpg 225w, http:\/\/monkey-business.de\/wp-content\/uploads\/2019\/03\/51683549_10156901630323798_4669208420933435392_o.jpg 1536w\" sizes=\"auto, (max-width: 768px) 100vw, 768px\" \/><\/a><\/figure>\n\n\n\n<figure class=\"wp-block-image size-large\"><a href=\"https:\/\/monkey-business.de\/wp-content\/uploads\/2018\/11\/20181027_052335.jpg\"><img loading=\"lazy\" decoding=\"async\" width=\"1024\" height=\"665\" data-id=\"1448\" src=\"https:\/\/monkey-business.de\/wp-content\/uploads\/2018\/11\/20181027_052335-1024x665.jpg\" alt=\"\" class=\"wp-image-1448\" srcset=\"http:\/\/monkey-business.de\/wp-content\/uploads\/2018\/11\/20181027_052335-1024x665.jpg 1024w, http:\/\/monkey-business.de\/wp-content\/uploads\/2018\/11\/20181027_052335-300x195.jpg 300w, http:\/\/monkey-business.de\/wp-content\/uploads\/2018\/11\/20181027_052335-768x498.jpg 768w\" sizes=\"auto, (max-width: 1024px) 100vw, 1024px\" \/><\/a><\/figure>\n\n\n\n<figure class=\"wp-block-image size-large\"><a href=\"https:\/\/monkey-business.de\/wp-content\/uploads\/2018\/11\/1120069.jpg\"><img loading=\"lazy\" decoding=\"async\" width=\"1024\" height=\"684\" data-id=\"1423\" src=\"https:\/\/monkey-business.de\/wp-content\/uploads\/2018\/11\/1120069-1024x684.jpg\" alt=\"\" class=\"wp-image-1423\" srcset=\"http:\/\/monkey-business.de\/wp-content\/uploads\/2018\/11\/1120069-1024x684.jpg 1024w, http:\/\/monkey-business.de\/wp-content\/uploads\/2018\/11\/1120069-300x201.jpg 300w, http:\/\/monkey-business.de\/wp-content\/uploads\/2018\/11\/1120069-768x513.jpg 768w, http:\/\/monkey-business.de\/wp-content\/uploads\/2018\/11\/1120069.jpg 1800w\" sizes=\"auto, (max-width: 1024px) 100vw, 1024px\" \/><\/a><figcaption class=\"wp-element-caption\">26.10.2018<\/figcaption><\/figure>\n\n\n\n<figure class=\"wp-block-image size-large\"><a href=\"https:\/\/monkey-business.de\/wp-content\/uploads\/2018\/11\/1110866.jpg\"><img loading=\"lazy\" decoding=\"async\" width=\"1024\" height=\"684\" data-id=\"1419\" src=\"https:\/\/monkey-business.de\/wp-content\/uploads\/2018\/11\/1110866-1024x684.jpg\" alt=\"\" class=\"wp-image-1419\" srcset=\"http:\/\/monkey-business.de\/wp-content\/uploads\/2018\/11\/1110866-1024x684.jpg 1024w, http:\/\/monkey-business.de\/wp-content\/uploads\/2018\/11\/1110866-300x201.jpg 300w, http:\/\/monkey-business.de\/wp-content\/uploads\/2018\/11\/1110866-768x513.jpg 768w, http:\/\/monkey-business.de\/wp-content\/uploads\/2018\/11\/1110866.jpg 1800w\" sizes=\"auto, (max-width: 1024px) 100vw, 1024px\" \/><\/a><figcaption class=\"wp-element-caption\">26.10.2018<\/figcaption><\/figure>\n<\/figure>\n\n\n\n<div class=\"wp-block-columns is-layout-flex wp-container-core-columns-is-layout-9d6595d7 wp-block-columns-is-layout-flex\">\n<div class=\"wp-block-column is-layout-flow wp-block-column-is-layout-flow\"><\/div>\n\n\n\n<div class=\"wp-block-column is-layout-flow wp-block-column-is-layout-flow\"><\/div>\n<\/div>\n\n\n\n<div class=\"wp-block-columns is-layout-flex wp-container-core-columns-is-layout-9d6595d7 wp-block-columns-is-layout-flex\">\n<div class=\"wp-block-column is-layout-flow wp-block-column-is-layout-flow\"><\/div>\n\n\n\n<div class=\"wp-block-column is-layout-flow wp-block-column-is-layout-flow\"><\/div>\n\n\n\n<div class=\"wp-block-column is-layout-flow wp-block-column-is-layout-flow\"><\/div>\n<\/div>\n\n\n\n<p><strong>J\u00f6rg<\/strong><\/p>\n\n\n\n<h5 class=\"wp-block-heading\">Aufgabe in der Band:<\/h5>\n\n\n\n<ul class=\"wp-block-list\">\n<li>Drummer \u2026 zu Deutsch \u201e Schlagwerker\u201c<\/li>\n<\/ul>\n\n\n\n<h5 class=\"wp-block-heading\">Unter diesen Verr\u00fcckten seit:<\/h5>\n\n\n\n<ul class=\"wp-block-list\">\n<li>Gr\u00fcndung 2001<\/li>\n<\/ul>\n\n\n\n<h5 class=\"wp-block-heading\">Es war einmal:<\/h5>\n\n\n\n<ul class=\"wp-block-list\">\n<li>Eine Marschtrommel und der kleine J\u00f6rg<\/li>\n<\/ul>\n\n\n\n<h5 class=\"wp-block-heading\">Equipment:<\/h5>\n\n\n\n<ul class=\"wp-block-list\">\n<li>TAMA Starclassic Maple Drumset, MEINL Becken, Evans Felle, Pearl Fussmaschine<\/li>\n<\/ul>\n\n\n\n<h5 class=\"wp-block-heading\">Musikalische Pr\u00e4gungen:<\/h5>\n\n\n\n<ul class=\"wp-block-list\">\n<li>Iron Maiden, KISS, Rush, Judas Priest, Avantasia, Edguy, \u2026<\/li>\n<\/ul>\n\n\n\n<h5 class=\"wp-block-heading\">Lebensmotto:<\/h5>\n\n\n\n<ul class=\"wp-block-list\">\n<li>Jeder ist seines Gl\u00fcckes Schmied<\/li>\n<\/ul>\n\n\n\n<h5 class=\"wp-block-heading\">Besondere Macken:<\/h5>\n\n\n\n<ul class=\"wp-block-list\">\n<li>Leidenschaftlicher Harley-Davidson Biker<\/li>\n<\/ul>\n\n\n\n<h5 class=\"wp-block-heading\">Warum Monkey Business:<\/h5>\n\n\n\n<ul class=\"wp-block-list\">\n<li>Super Leute, klasse Musikerin und Musiker, super Fan\u00b4s, geiles Programm und hier gibt\u00b4s eben noch echte \u201eHandmade Music\u201c<\/li>\n<\/ul>\n\n\n\n<h5 class=\"wp-block-heading\">Kontakt:<\/h5>\n\n\n\n<ul class=\"wp-block-list\">\n<li>Joerg@Monkey-Business.de<\/li>\n<\/ul>\n\n\n\n<h5 class=\"wp-block-heading\">Biografie:<\/h5>\n\n\n\n<p>Zum Leidwesen J\u00f6rg\u00b4s Eltern wurden schon in jungen Jahren Kissen, T\u00f6pfe und Eimer als Schlagzeug umfunktioniert. Dann gab\u00b4s im Alter von 10 Jahren zu Weihnachten eine Marschtrommel. Mit 13 Jahren hatte J\u00f6rg dann die Kohle f\u00fcr sein erstes Schlagzeug zusammen und dann nahm der Wahnsinn seinen Lauf. Nach kleineren Bands wie Hysteria oder Bad Vision gr\u00fcndete er mit Heiko Marr ( we see us in Heaven Heiko ) die Band JAVELIN. Nach 10 erfolgreichen und geilen Jahren mit JAVELIN gab\u00b4s aus beruflichen Gr\u00fcnden eine kleine musikalische Pause bevor es dann mit Monkey Business an den Start ging.<\/p>\n","protected":false},"excerpt":{"rendered":"<p>J\u00f6rg Aufgabe in der Band: Unter diesen Verr\u00fcckten seit: Es war einmal: Equipment: Musikalische Pr\u00e4gungen: Lebensmotto: Besondere Macken: Warum Monkey Business: Kontakt: Biografie: Zum Leidwesen J\u00f6rg\u00b4s Eltern wurden schon in<a href=\"http:\/\/monkey-business.de\/home\/joerg\" class=\"more-link\"><span class=\"readmore\">Continue reading<span class=\"screen-reader-text\">J\u00f6rg<\/span><\/span><\/a><\/p>\n","protected":false},"author":1,"featured_media":0,"parent":0,"menu_order":0,"comment_status":"closed","ping_status":"closed","template":"","meta":{"footnotes":""},"class_list":["post-288","page","type-page","status-publish","hentry"],"yoast_head":"<!-- This site is optimized with the Yoast SEO plugin v27.5 - https:\/\/yoast.com\/product\/yoast-seo-wordpress\/ -->\n<title>J\u00f6rg -<\/title>\n<meta name=\"description\" content=\"Zum Leidwesen J\u00f6rg\u00b4s Eltern wurden schon in jungen Jahren Kissen, T\u00f6pfe und Eimer als Schlagzeug umfunktioniert. Dann gab\u00b4s im Alter von 10 Jahren zu Weihnachten eine Marschtrommel.\" \/>\n<meta name=\"robots\" content=\"index, follow, max-snippet:-1, max-image-preview:large, max-video-preview:-1\" \/>\n<link rel=\"canonical\" href=\"http:\/\/monkey-business.de\/home\/joerg\" \/>\n<meta property=\"og:locale\" content=\"de_DE\" \/>\n<meta property=\"og:type\" content=\"article\" \/>\n<meta property=\"og:title\" content=\"J\u00f6rg -\" \/>\n<meta property=\"og:description\" content=\"Zum Leidwesen J\u00f6rg\u00b4s Eltern wurden schon in jungen Jahren Kissen, T\u00f6pfe und Eimer als Schlagzeug umfunktioniert. Dann gab\u00b4s im Alter von 10 Jahren zu Weihnachten eine Marschtrommel.\" \/>\n<meta property=\"og:url\" content=\"http:\/\/monkey-business.de\/home\/joerg\" \/>\n<meta property=\"article:publisher\" content=\"https:\/\/www.facebook.com\/MonkeyBusinessRock\" \/>\n<meta property=\"article:modified_time\" content=\"2023-08-21T09:49:28+00:00\" \/>\n<meta property=\"og:image\" content=\"https:\/\/monkey-business.de\/wp-content\/uploads\/2022\/12\/0c02dfd4-50f1-4198-9eed-95bb7b6e1ec0-1024x682.jpg\" \/>\n<meta name=\"twitter:card\" content=\"summary_large_image\" \/>\n<script type=\"application\/ld+json\" class=\"yoast-schema-graph\">{\"@context\":\"https:\\\/\\\/schema.org\",\"@graph\":[{\"@type\":\"WebPage\",\"@id\":\"http:\\\/\\\/monkey-business.de\\\/home\\\/joerg\",\"url\":\"http:\\\/\\\/monkey-business.de\\\/home\\\/joerg\",\"name\":\"J\u00f6rg -\",\"isPartOf\":{\"@id\":\"http:\\\/\\\/monkey-business.de\\\/home\\\/#website\"},\"primaryImageOfPage\":{\"@id\":\"http:\\\/\\\/monkey-business.de\\\/home\\\/joerg#primaryimage\"},\"image\":{\"@id\":\"http:\\\/\\\/monkey-business.de\\\/home\\\/joerg#primaryimage\"},\"thumbnailUrl\":\"https:\\\/\\\/monkey-business.de\\\/wp-content\\\/uploads\\\/2022\\\/12\\\/0c02dfd4-50f1-4198-9eed-95bb7b6e1ec0-1024x682.jpg\",\"datePublished\":\"2015-12-09T15:23:11+00:00\",\"dateModified\":\"2023-08-21T09:49:28+00:00\",\"description\":\"Zum Leidwesen J\u00f6rg\u00b4s Eltern wurden schon in jungen Jahren Kissen, T\u00f6pfe und Eimer als Schlagzeug umfunktioniert. Dann gab\u00b4s im Alter von 10 Jahren zu Weihnachten eine Marschtrommel.\",\"breadcrumb\":{\"@id\":\"http:\\\/\\\/monkey-business.de\\\/home\\\/joerg#breadcrumb\"},\"inLanguage\":\"de\",\"potentialAction\":[{\"@type\":\"ReadAction\",\"target\":[\"http:\\\/\\\/monkey-business.de\\\/home\\\/joerg\"]}]},{\"@type\":\"ImageObject\",\"inLanguage\":\"de\",\"@id\":\"http:\\\/\\\/monkey-business.de\\\/home\\\/joerg#primaryimage\",\"url\":\"https:\\\/\\\/monkey-business.de\\\/wp-content\\\/uploads\\\/2022\\\/12\\\/0c02dfd4-50f1-4198-9eed-95bb7b6e1ec0-1024x682.jpg\",\"contentUrl\":\"https:\\\/\\\/monkey-business.de\\\/wp-content\\\/uploads\\\/2022\\\/12\\\/0c02dfd4-50f1-4198-9eed-95bb7b6e1ec0-1024x682.jpg\"},{\"@type\":\"BreadcrumbList\",\"@id\":\"http:\\\/\\\/monkey-business.de\\\/home\\\/joerg#breadcrumb\",\"itemListElement\":[{\"@type\":\"ListItem\",\"position\":1,\"name\":\"Home\",\"item\":\"http:\\\/\\\/monkey-business.de\\\/home\\\/\"},{\"@type\":\"ListItem\",\"position\":2,\"name\":\"J\u00f6rg\"}]},{\"@type\":\"WebSite\",\"@id\":\"http:\\\/\\\/monkey-business.de\\\/home\\\/#website\",\"url\":\"http:\\\/\\\/monkey-business.de\\\/home\\\/\",\"name\":\"Monkey Business\",\"description\":\"\",\"potentialAction\":[{\"@type\":\"SearchAction\",\"target\":{\"@type\":\"EntryPoint\",\"urlTemplate\":\"http:\\\/\\\/monkey-business.de\\\/home\\\/?s={search_term_string}\"},\"query-input\":{\"@type\":\"PropertyValueSpecification\",\"valueRequired\":true,\"valueName\":\"search_term_string\"}}],\"inLanguage\":\"de\"}]}<\/script>\n<!-- \/ Yoast SEO plugin. -->","yoast_head_json":{"title":"J\u00f6rg -","description":"Zum Leidwesen J\u00f6rg\u00b4s Eltern wurden schon in jungen Jahren Kissen, T\u00f6pfe und Eimer als Schlagzeug umfunktioniert. Dann gab\u00b4s im Alter von 10 Jahren zu Weihnachten eine Marschtrommel.","robots":{"index":"index","follow":"follow","max-snippet":"max-snippet:-1","max-image-preview":"max-image-preview:large","max-video-preview":"max-video-preview:-1"},"canonical":"http:\/\/monkey-business.de\/home\/joerg","og_locale":"de_DE","og_type":"article","og_title":"J\u00f6rg -","og_description":"Zum Leidwesen J\u00f6rg\u00b4s Eltern wurden schon in jungen Jahren Kissen, T\u00f6pfe und Eimer als Schlagzeug umfunktioniert. Dann gab\u00b4s im Alter von 10 Jahren zu Weihnachten eine Marschtrommel.","og_url":"http:\/\/monkey-business.de\/home\/joerg","article_publisher":"https:\/\/www.facebook.com\/MonkeyBusinessRock","article_modified_time":"2023-08-21T09:49:28+00:00","og_image":[{"url":"https:\/\/monkey-business.de\/wp-content\/uploads\/2022\/12\/0c02dfd4-50f1-4198-9eed-95bb7b6e1ec0-1024x682.jpg","type":"","width":"","height":""}],"twitter_card":"summary_large_image","schema":{"@context":"https:\/\/schema.org","@graph":[{"@type":"WebPage","@id":"http:\/\/monkey-business.de\/home\/joerg","url":"http:\/\/monkey-business.de\/home\/joerg","name":"J\u00f6rg -","isPartOf":{"@id":"http:\/\/monkey-business.de\/home\/#website"},"primaryImageOfPage":{"@id":"http:\/\/monkey-business.de\/home\/joerg#primaryimage"},"image":{"@id":"http:\/\/monkey-business.de\/home\/joerg#primaryimage"},"thumbnailUrl":"https:\/\/monkey-business.de\/wp-content\/uploads\/2022\/12\/0c02dfd4-50f1-4198-9eed-95bb7b6e1ec0-1024x682.jpg","datePublished":"2015-12-09T15:23:11+00:00","dateModified":"2023-08-21T09:49:28+00:00","description":"Zum Leidwesen J\u00f6rg\u00b4s Eltern wurden schon in jungen Jahren Kissen, T\u00f6pfe und Eimer als Schlagzeug umfunktioniert. Dann gab\u00b4s im Alter von 10 Jahren zu Weihnachten eine Marschtrommel.","breadcrumb":{"@id":"http:\/\/monkey-business.de\/home\/joerg#breadcrumb"},"inLanguage":"de","potentialAction":[{"@type":"ReadAction","target":["http:\/\/monkey-business.de\/home\/joerg"]}]},{"@type":"ImageObject","inLanguage":"de","@id":"http:\/\/monkey-business.de\/home\/joerg#primaryimage","url":"https:\/\/monkey-business.de\/wp-content\/uploads\/2022\/12\/0c02dfd4-50f1-4198-9eed-95bb7b6e1ec0-1024x682.jpg","contentUrl":"https:\/\/monkey-business.de\/wp-content\/uploads\/2022\/12\/0c02dfd4-50f1-4198-9eed-95bb7b6e1ec0-1024x682.jpg"},{"@type":"BreadcrumbList","@id":"http:\/\/monkey-business.de\/home\/joerg#breadcrumb","itemListElement":[{"@type":"ListItem","position":1,"name":"Home","item":"http:\/\/monkey-business.de\/home\/"},{"@type":"ListItem","position":2,"name":"J\u00f6rg"}]},{"@type":"WebSite","@id":"http:\/\/monkey-business.de\/home\/#website","url":"http:\/\/monkey-business.de\/home\/","name":"Monkey Business","description":"","potentialAction":[{"@type":"SearchAction","target":{"@type":"EntryPoint","urlTemplate":"http:\/\/monkey-business.de\/home\/?s={search_term_string}"},"query-input":{"@type":"PropertyValueSpecification","valueRequired":true,"valueName":"search_term_string"}}],"inLanguage":"de"}]}},"_links":{"self":[{"href":"http:\/\/monkey-business.de\/home\/wp-json\/wp\/v2\/pages\/288","targetHints":{"allow":["GET"]}}],"collection":[{"href":"http:\/\/monkey-business.de\/home\/wp-json\/wp\/v2\/pages"}],"about":[{"href":"http:\/\/monkey-business.de\/home\/wp-json\/wp\/v2\/types\/page"}],"author":[{"embeddable":true,"href":"http:\/\/monkey-business.de\/home\/wp-json\/wp\/v2\/users\/1"}],"replies":[{"embeddable":true,"href":"http:\/\/monkey-business.de\/home\/wp-json\/wp\/v2\/comments?post=288"}],"version-history":[{"count":11,"href":"http:\/\/monkey-business.de\/home\/wp-json\/wp\/v2\/pages\/288\/revisions"}],"predecessor-version":[{"id":2510,"href":"http:\/\/monkey-business.de\/home\/wp-json\/wp\/v2\/pages\/288\/revisions\/2510"}],"wp:attachment":[{"href":"http:\/\/monkey-business.de\/home\/wp-json\/wp\/v2\/media?parent=288"}],"curies":[{"name":"wp","href":"https:\/\/api.w.org\/{rel}","templated":true}]}}