{"id":285,"date":"2015-12-09T15:18:22","date_gmt":"2015-12-09T15:18:22","guid":{"rendered":"http:\/\/monkey-business.de\/?page_id=285"},"modified":"2023-08-21T09:49:43","modified_gmt":"2023-08-21T09:49:43","slug":"fraenky","status":"publish","type":"page","link":"http:\/\/monkey-business.de\/home\/fraenky","title":{"rendered":"Fr\u00e4nky"},"content":{"rendered":"\n<figure class=\"wp-block-gallery has-nested-images columns-default is-cropped wp-block-gallery-1 is-layout-flex wp-block-gallery-is-layout-flex\">\n<figure class=\"wp-block-image size-large\"><a href=\"https:\/\/monkey-business.de\/wp-content\/uploads\/2022\/12\/KH1_5730.jpg\"><img loading=\"lazy\" decoding=\"async\" width=\"682\" height=\"1024\" data-id=\"2349\" src=\"https:\/\/monkey-business.de\/wp-content\/uploads\/2022\/12\/KH1_5730-682x1024.jpg\" alt=\"\" class=\"wp-image-2349\" srcset=\"http:\/\/monkey-business.de\/wp-content\/uploads\/2022\/12\/KH1_5730-682x1024.jpg 682w, http:\/\/monkey-business.de\/wp-content\/uploads\/2022\/12\/KH1_5730-200x300.jpg 200w, http:\/\/monkey-business.de\/wp-content\/uploads\/2022\/12\/KH1_5730-768x1152.jpg 768w, http:\/\/monkey-business.de\/wp-content\/uploads\/2022\/12\/KH1_5730-1024x1536.jpg 1024w, http:\/\/monkey-business.de\/wp-content\/uploads\/2022\/12\/KH1_5730.jpg 1333w\" sizes=\"auto, (max-width: 682px) 100vw, 682px\" \/><\/a><\/figure>\n\n\n\n<figure class=\"wp-block-image size-large\"><a href=\"https:\/\/monkey-business.de\/wp-content\/uploads\/2022\/12\/KH1_5732.jpg\"><img loading=\"lazy\" decoding=\"async\" width=\"1024\" height=\"682\" data-id=\"2353\" src=\"https:\/\/monkey-business.de\/wp-content\/uploads\/2022\/12\/KH1_5732-1024x682.jpg\" alt=\"\" class=\"wp-image-2353\" srcset=\"http:\/\/monkey-business.de\/wp-content\/uploads\/2022\/12\/KH1_5732-1024x682.jpg 1024w, http:\/\/monkey-business.de\/wp-content\/uploads\/2022\/12\/KH1_5732-300x200.jpg 300w, http:\/\/monkey-business.de\/wp-content\/uploads\/2022\/12\/KH1_5732-768x512.jpg 768w, http:\/\/monkey-business.de\/wp-content\/uploads\/2022\/12\/KH1_5732-1536x1024.jpg 1536w, http:\/\/monkey-business.de\/wp-content\/uploads\/2022\/12\/KH1_5732.jpg 2000w\" sizes=\"auto, (max-width: 1024px) 100vw, 1024px\" \/><\/a><\/figure>\n\n\n\n<figure class=\"wp-block-image size-large\"><a href=\"https:\/\/monkey-business.de\/wp-content\/uploads\/2022\/12\/KH1_5733.jpg\"><img loading=\"lazy\" decoding=\"async\" width=\"682\" height=\"1024\" data-id=\"2352\" src=\"https:\/\/monkey-business.de\/wp-content\/uploads\/2022\/12\/KH1_5733-682x1024.jpg\" alt=\"\" class=\"wp-image-2352\" srcset=\"http:\/\/monkey-business.de\/wp-content\/uploads\/2022\/12\/KH1_5733-682x1024.jpg 682w, http:\/\/monkey-business.de\/wp-content\/uploads\/2022\/12\/KH1_5733-200x300.jpg 200w, http:\/\/monkey-business.de\/wp-content\/uploads\/2022\/12\/KH1_5733-768x1152.jpg 768w, http:\/\/monkey-business.de\/wp-content\/uploads\/2022\/12\/KH1_5733-1024x1536.jpg 1024w, http:\/\/monkey-business.de\/wp-content\/uploads\/2022\/12\/KH1_5733.jpg 1333w\" sizes=\"auto, (max-width: 682px) 100vw, 682px\" \/><\/a><\/figure>\n\n\n\n<figure class=\"wp-block-image size-large\"><a href=\"https:\/\/monkey-business.de\/wp-content\/uploads\/2022\/12\/KH1_5791.jpg\"><img loading=\"lazy\" decoding=\"async\" width=\"682\" height=\"1024\" data-id=\"2355\" src=\"https:\/\/monkey-business.de\/wp-content\/uploads\/2022\/12\/KH1_5791-682x1024.jpg\" alt=\"\" class=\"wp-image-2355\" srcset=\"http:\/\/monkey-business.de\/wp-content\/uploads\/2022\/12\/KH1_5791-682x1024.jpg 682w, http:\/\/monkey-business.de\/wp-content\/uploads\/2022\/12\/KH1_5791-200x300.jpg 200w, http:\/\/monkey-business.de\/wp-content\/uploads\/2022\/12\/KH1_5791-768x1152.jpg 768w, http:\/\/monkey-business.de\/wp-content\/uploads\/2022\/12\/KH1_5791-1024x1536.jpg 1024w, http:\/\/monkey-business.de\/wp-content\/uploads\/2022\/12\/KH1_5791.jpg 1333w\" sizes=\"auto, (max-width: 682px) 100vw, 682px\" \/><\/a><\/figure>\n\n\n\n<figure class=\"wp-block-image size-large\"><a href=\"https:\/\/monkey-business.de\/wp-content\/uploads\/2022\/12\/KH1_5805.jpg\"><img loading=\"lazy\" decoding=\"async\" width=\"682\" height=\"1024\" data-id=\"2350\" src=\"https:\/\/monkey-business.de\/wp-content\/uploads\/2022\/12\/KH1_5805-682x1024.jpg\" alt=\"\" class=\"wp-image-2350\" srcset=\"http:\/\/monkey-business.de\/wp-content\/uploads\/2022\/12\/KH1_5805-682x1024.jpg 682w, http:\/\/monkey-business.de\/wp-content\/uploads\/2022\/12\/KH1_5805-200x300.jpg 200w, http:\/\/monkey-business.de\/wp-content\/uploads\/2022\/12\/KH1_5805-768x1152.jpg 768w, http:\/\/monkey-business.de\/wp-content\/uploads\/2022\/12\/KH1_5805-1024x1536.jpg 1024w, http:\/\/monkey-business.de\/wp-content\/uploads\/2022\/12\/KH1_5805.jpg 1333w\" sizes=\"auto, (max-width: 682px) 100vw, 682px\" \/><\/a><\/figure>\n\n\n\n<figure class=\"wp-block-image size-large\"><a href=\"https:\/\/monkey-business.de\/wp-content\/uploads\/2022\/12\/KH1_5923-Kopie.jpg\"><img loading=\"lazy\" decoding=\"async\" width=\"1024\" height=\"682\" data-id=\"2351\" src=\"https:\/\/monkey-business.de\/wp-content\/uploads\/2022\/12\/KH1_5923-Kopie-1024x682.jpg\" alt=\"\" class=\"wp-image-2351\" srcset=\"http:\/\/monkey-business.de\/wp-content\/uploads\/2022\/12\/KH1_5923-Kopie-1024x682.jpg 1024w, http:\/\/monkey-business.de\/wp-content\/uploads\/2022\/12\/KH1_5923-Kopie-300x200.jpg 300w, http:\/\/monkey-business.de\/wp-content\/uploads\/2022\/12\/KH1_5923-Kopie-768x512.jpg 768w, http:\/\/monkey-business.de\/wp-content\/uploads\/2022\/12\/KH1_5923-Kopie-1536x1024.jpg 1536w, http:\/\/monkey-business.de\/wp-content\/uploads\/2022\/12\/KH1_5923-Kopie.jpg 2000w\" sizes=\"auto, (max-width: 1024px) 100vw, 1024px\" \/><\/a><\/figure>\n\n\n\n<figure class=\"wp-block-image size-large\"><a href=\"https:\/\/monkey-business.de\/wp-content\/uploads\/2022\/12\/KH1_6064.jpg\"><img loading=\"lazy\" decoding=\"async\" width=\"682\" height=\"1024\" data-id=\"2354\" src=\"https:\/\/monkey-business.de\/wp-content\/uploads\/2022\/12\/KH1_6064-682x1024.jpg\" alt=\"\" class=\"wp-image-2354\" srcset=\"http:\/\/monkey-business.de\/wp-content\/uploads\/2022\/12\/KH1_6064-682x1024.jpg 682w, http:\/\/monkey-business.de\/wp-content\/uploads\/2022\/12\/KH1_6064-200x300.jpg 200w, http:\/\/monkey-business.de\/wp-content\/uploads\/2022\/12\/KH1_6064-768x1152.jpg 768w, http:\/\/monkey-business.de\/wp-content\/uploads\/2022\/12\/KH1_6064-1024x1536.jpg 1024w, http:\/\/monkey-business.de\/wp-content\/uploads\/2022\/12\/KH1_6064.jpg 1333w\" sizes=\"auto, (max-width: 682px) 100vw, 682px\" \/><\/a><\/figure>\n\n\n\n<figure class=\"wp-block-image size-large\"><a href=\"https:\/\/monkey-business.de\/wp-content\/uploads\/2022\/12\/MGLZ0214.jpg\"><img loading=\"lazy\" decoding=\"async\" width=\"768\" height=\"1024\" data-id=\"2348\" src=\"https:\/\/monkey-business.de\/wp-content\/uploads\/2022\/12\/MGLZ0214-768x1024.jpg\" alt=\"\" class=\"wp-image-2348\" srcset=\"http:\/\/monkey-business.de\/wp-content\/uploads\/2022\/12\/MGLZ0214-768x1024.jpg 768w, http:\/\/monkey-business.de\/wp-content\/uploads\/2022\/12\/MGLZ0214-225x300.jpg 225w, http:\/\/monkey-business.de\/wp-content\/uploads\/2022\/12\/MGLZ0214-1152x1536.jpg 1152w, http:\/\/monkey-business.de\/wp-content\/uploads\/2022\/12\/MGLZ0214.jpg 1512w\" sizes=\"auto, (max-width: 768px) 100vw, 768px\" \/><\/a><\/figure>\n<\/figure>\n\n\n\n<figure class=\"wp-block-gallery has-nested-images columns-default is-cropped wp-block-gallery-2 is-layout-flex wp-block-gallery-is-layout-flex\">\n<figure class=\"wp-block-image size-large\"><a href=\"https:\/\/monkey-business.de\/wp-content\/uploads\/2018\/11\/IMG7141.jpg\"><img loading=\"lazy\" decoding=\"async\" width=\"1024\" height=\"683\" data-id=\"1428\" src=\"https:\/\/monkey-business.de\/wp-content\/uploads\/2018\/11\/IMG7141-1024x683.jpg\" alt=\"\" class=\"wp-image-1428\" srcset=\"http:\/\/monkey-business.de\/wp-content\/uploads\/2018\/11\/IMG7141-1024x683.jpg 1024w, http:\/\/monkey-business.de\/wp-content\/uploads\/2018\/11\/IMG7141-300x200.jpg 300w, http:\/\/monkey-business.de\/wp-content\/uploads\/2018\/11\/IMG7141-768x512.jpg 768w, http:\/\/monkey-business.de\/wp-content\/uploads\/2018\/11\/IMG7141.jpg 1800w\" sizes=\"auto, (max-width: 1024px) 100vw, 1024px\" \/><\/a><figcaption class=\"wp-element-caption\">26.10.2018<\/figcaption><\/figure>\n\n\n\n<figure class=\"wp-block-image size-large\"><a href=\"https:\/\/monkey-business.de\/wp-content\/uploads\/2018\/11\/IMG7131.jpg\"><img loading=\"lazy\" decoding=\"async\" width=\"1024\" height=\"683\" data-id=\"1426\" src=\"https:\/\/monkey-business.de\/wp-content\/uploads\/2018\/11\/IMG7131-1024x683.jpg\" alt=\"\" class=\"wp-image-1426\" srcset=\"http:\/\/monkey-business.de\/wp-content\/uploads\/2018\/11\/IMG7131-1024x683.jpg 1024w, http:\/\/monkey-business.de\/wp-content\/uploads\/2018\/11\/IMG7131-300x200.jpg 300w, http:\/\/monkey-business.de\/wp-content\/uploads\/2018\/11\/IMG7131-768x512.jpg 768w, http:\/\/monkey-business.de\/wp-content\/uploads\/2018\/11\/IMG7131.jpg 1800w\" sizes=\"auto, (max-width: 1024px) 100vw, 1024px\" \/><\/a><figcaption class=\"wp-element-caption\">26.10.2018<\/figcaption><\/figure>\n\n\n\n<figure class=\"wp-block-image size-large\"><a href=\"https:\/\/monkey-business.de\/wp-content\/uploads\/2018\/03\/IMGP2482.jpg\"><img loading=\"lazy\" decoding=\"async\" width=\"667\" height=\"1000\" data-id=\"973\" src=\"https:\/\/monkey-business.de\/wp-content\/uploads\/2018\/03\/IMGP2482.jpg\" alt=\"\" class=\"wp-image-973\" srcset=\"http:\/\/monkey-business.de\/wp-content\/uploads\/2018\/03\/IMGP2482.jpg 667w, http:\/\/monkey-business.de\/wp-content\/uploads\/2018\/03\/IMGP2482-200x300.jpg 200w, http:\/\/monkey-business.de\/wp-content\/uploads\/2018\/03\/IMGP2482-250x375.jpg 250w\" sizes=\"auto, (max-width: 667px) 100vw, 667px\" \/><\/a><figcaption class=\"wp-element-caption\">17.03.2018<\/figcaption><\/figure>\n\n\n\n<figure class=\"wp-block-image size-large\"><a href=\"https:\/\/monkey-business.de\/wp-content\/uploads\/2016\/09\/14322476_10154490701763798_9031078822451479294_n.jpg\"><img loading=\"lazy\" decoding=\"async\" width=\"640\" height=\"960\" data-id=\"463\" src=\"https:\/\/monkey-business.de\/wp-content\/uploads\/2016\/09\/14322476_10154490701763798_9031078822451479294_n.jpg\" alt=\"\" class=\"wp-image-463\" srcset=\"http:\/\/monkey-business.de\/wp-content\/uploads\/2016\/09\/14322476_10154490701763798_9031078822451479294_n.jpg 640w, http:\/\/monkey-business.de\/wp-content\/uploads\/2016\/09\/14322476_10154490701763798_9031078822451479294_n-200x300.jpg 200w, http:\/\/monkey-business.de\/wp-content\/uploads\/2016\/09\/14322476_10154490701763798_9031078822451479294_n-250x375.jpg 250w\" sizes=\"auto, (max-width: 640px) 100vw, 640px\" \/><\/a><\/figure>\n\n\n\n<figure class=\"wp-block-image size-large\"><a href=\"https:\/\/monkey-business.de\/wp-content\/uploads\/2016\/09\/13754269_10154298542248798_7562721887910598288_n.jpg\"><img loading=\"lazy\" decoding=\"async\" width=\"640\" height=\"960\" data-id=\"450\" src=\"https:\/\/monkey-business.de\/wp-content\/uploads\/2016\/09\/13754269_10154298542248798_7562721887910598288_n.jpg\" alt=\"\" class=\"wp-image-450\" srcset=\"http:\/\/monkey-business.de\/wp-content\/uploads\/2016\/09\/13754269_10154298542248798_7562721887910598288_n.jpg 640w, http:\/\/monkey-business.de\/wp-content\/uploads\/2016\/09\/13754269_10154298542248798_7562721887910598288_n-200x300.jpg 200w, http:\/\/monkey-business.de\/wp-content\/uploads\/2016\/09\/13754269_10154298542248798_7562721887910598288_n-250x375.jpg 250w\" sizes=\"auto, (max-width: 640px) 100vw, 640px\" \/><\/a><\/figure>\n\n\n\n<figure class=\"wp-block-image size-large\"><a href=\"https:\/\/monkey-business.de\/wp-content\/uploads\/2019\/12\/IMG-20191101-WA0075.jpg\"><img loading=\"lazy\" decoding=\"async\" width=\"1024\" height=\"576\" data-id=\"1789\" src=\"https:\/\/monkey-business.de\/wp-content\/uploads\/2019\/12\/IMG-20191101-WA0075-1024x576.jpg\" alt=\"\" class=\"wp-image-1789\" srcset=\"http:\/\/monkey-business.de\/wp-content\/uploads\/2019\/12\/IMG-20191101-WA0075-1024x576.jpg 1024w, http:\/\/monkey-business.de\/wp-content\/uploads\/2019\/12\/IMG-20191101-WA0075-300x169.jpg 300w, http:\/\/monkey-business.de\/wp-content\/uploads\/2019\/12\/IMG-20191101-WA0075-768x432.jpg 768w, http:\/\/monkey-business.de\/wp-content\/uploads\/2019\/12\/IMG-20191101-WA0075-1536x864.jpg 1536w, http:\/\/monkey-business.de\/wp-content\/uploads\/2019\/12\/IMG-20191101-WA0075.jpg 1600w\" sizes=\"auto, (max-width: 1024px) 100vw, 1024px\" \/><\/a><\/figure>\n<\/figure>\n\n\n\n<p><strong>Fr\u00e4nky<\/strong><\/p>\n\n\n\n<h5 class=\"wp-block-heading\">Aufgabe in der Band:<\/h5>\n\n\n\n<ul class=\"wp-block-list\">\n<li>Gitarre und Backing Vocals<\/li>\n\n\n\n<li>Den Irrsinn im Proberaum im Griff behalten<\/li>\n<\/ul>\n\n\n\n<h5 class=\"wp-block-heading\">Unter diesen Verr\u00fcckten seit:<\/h5>\n\n\n\n<ul class=\"wp-block-list\">\n<li>2009<\/li>\n<\/ul>\n\n\n\n<h5 class=\"wp-block-heading\">Equipment:<\/h5>\n\n\n\n<ul class=\"wp-block-list\">\n<li>Gibson, Ibanez und ESP Guitars<\/li>\n\n\n\n<li>Kemper Amp<\/li>\n<\/ul>\n\n\n\n<h5 class=\"wp-block-heading\">Musikalische Pr\u00e4gungen:<\/h5>\n\n\n\n<ul class=\"wp-block-list\">\n<li>Georg Lynch, Jake E. Lee,&nbsp;<\/li>\n<\/ul>\n\n\n\n<h5 class=\"wp-block-heading\">Lebensmotto:<\/h5>\n\n\n\n<ul class=\"wp-block-list\">\n<li>Was muss das muss<\/li>\n<\/ul>\n\n\n\n<h5 class=\"wp-block-heading\">Besondere Macken:<\/h5>\n\n\n\n<ul class=\"wp-block-list\">\n<li>Ernst gucken &#8211; aber ich meine es nicht so<\/li>\n<\/ul>\n\n\n\n<h5 class=\"wp-block-heading\">Warum Monkey Business:<\/h5>\n\n\n\n<ul class=\"wp-block-list\">\n<li>Coole Leute, geile Musik und viel Spa\u00df<\/li>\n<\/ul>\n\n\n\n<h5 class=\"wp-block-heading\">Kontakt:<\/h5>\n\n\n\n<ul class=\"wp-block-list\">\n<li>Frank@Monkey-Business.de<\/li>\n<\/ul>\n\n\n\n<h5 class=\"wp-block-heading\">Biografie:<\/h5>\n\n\n\n<p>Gitarre seit dem 14. Lebensjahr. Meist autodidaktisch, aber auch immer wieder zu Gast bei verschiedenen Gitarreninstituten. Von ca. 1989 bis 1995 Gitarrist bei der Rock Cover Band DreamLine mit ca. 60-70 Gigs im Jahr. Danach 7 Jahre Bandpause. Wiedereinstieg ins Business mit der Coverband Breaker im Jahr 2006. Seit 2009 Gitarrist bei Monkey-Business. Mit 35 Jahren B\u00fchnenerfahrung und ca. 1000 Gigs &#8211; inklusive allen H\u00f6hen und Tiefen &#8211; kann Fr\u00e4nky &#8222;fast&#8220; nichts mehr schocken.<\/p>\n","protected":false},"excerpt":{"rendered":"<p>Fr\u00e4nky Aufgabe in der Band: Unter diesen Verr\u00fcckten seit: Equipment: Musikalische Pr\u00e4gungen: Lebensmotto: Besondere Macken: Warum Monkey Business: Kontakt: Biografie: Gitarre seit dem 14. Lebensjahr. Meist autodidaktisch, aber auch immer<a href=\"http:\/\/monkey-business.de\/home\/fraenky\" class=\"more-link\"><span class=\"readmore\">Continue reading<span class=\"screen-reader-text\">Fr\u00e4nky<\/span><\/span><\/a><\/p>\n","protected":false},"author":1,"featured_media":0,"parent":0,"menu_order":0,"comment_status":"closed","ping_status":"closed","template":"","meta":{"footnotes":""},"class_list":["post-285","page","type-page","status-publish","hentry"],"yoast_head":"<!-- This site is optimized with the Yoast SEO plugin v27.5 - https:\/\/yoast.com\/product\/yoast-seo-wordpress\/ -->\n<title>Fr\u00e4nky -<\/title>\n<meta name=\"description\" content=\"Gitarre seit dem 14. Lebensjahr. Meist autodidaktisch, aber auch immer wieder zu Gast bei verschiedenen Gitarreninstituten. Von ca. 1989 bis 1995 Gitarrist bei der Rock Cover Band DreamLine\" \/>\n<meta name=\"robots\" content=\"index, follow, max-snippet:-1, max-image-preview:large, max-video-preview:-1\" \/>\n<link rel=\"canonical\" href=\"http:\/\/monkey-business.de\/home\/fraenky\" \/>\n<meta property=\"og:locale\" content=\"de_DE\" \/>\n<meta property=\"og:type\" content=\"article\" \/>\n<meta property=\"og:title\" content=\"Fr\u00e4nky -\" \/>\n<meta property=\"og:description\" content=\"Gitarre seit dem 14. Lebensjahr. Meist autodidaktisch, aber auch immer wieder zu Gast bei verschiedenen Gitarreninstituten. Von ca. 1989 bis 1995 Gitarrist bei der Rock Cover Band DreamLine\" \/>\n<meta property=\"og:url\" content=\"http:\/\/monkey-business.de\/home\/fraenky\" \/>\n<meta property=\"article:publisher\" content=\"https:\/\/www.facebook.com\/MonkeyBusinessRock\" \/>\n<meta property=\"article:modified_time\" content=\"2023-08-21T09:49:43+00:00\" \/>\n<meta property=\"og:image\" content=\"https:\/\/monkey-business.de\/wp-content\/uploads\/2022\/12\/KH1_5730-682x1024.jpg\" \/>\n<meta name=\"twitter:card\" content=\"summary_large_image\" \/>\n<meta name=\"twitter:label1\" content=\"Gesch\u00e4tzte Lesezeit\" \/>\n\t<meta name=\"twitter:data1\" content=\"4\u00a0Minuten\" \/>\n<script type=\"application\/ld+json\" class=\"yoast-schema-graph\">{\"@context\":\"https:\\\/\\\/schema.org\",\"@graph\":[{\"@type\":\"WebPage\",\"@id\":\"http:\\\/\\\/monkey-business.de\\\/home\\\/fraenky\",\"url\":\"http:\\\/\\\/monkey-business.de\\\/home\\\/fraenky\",\"name\":\"Fr\u00e4nky -\",\"isPartOf\":{\"@id\":\"https:\\\/\\\/monkey-business.de\\\/home\\\/#website\"},\"primaryImageOfPage\":{\"@id\":\"http:\\\/\\\/monkey-business.de\\\/home\\\/fraenky#primaryimage\"},\"image\":{\"@id\":\"http:\\\/\\\/monkey-business.de\\\/home\\\/fraenky#primaryimage\"},\"thumbnailUrl\":\"https:\\\/\\\/monkey-business.de\\\/wp-content\\\/uploads\\\/2022\\\/12\\\/KH1_5730-682x1024.jpg\",\"datePublished\":\"2015-12-09T15:18:22+00:00\",\"dateModified\":\"2023-08-21T09:49:43+00:00\",\"description\":\"Gitarre seit dem 14. Lebensjahr. Meist autodidaktisch, aber auch immer wieder zu Gast bei verschiedenen Gitarreninstituten. Von ca. 1989 bis 1995 Gitarrist bei der Rock Cover Band DreamLine\",\"breadcrumb\":{\"@id\":\"http:\\\/\\\/monkey-business.de\\\/home\\\/fraenky#breadcrumb\"},\"inLanguage\":\"de\",\"potentialAction\":[{\"@type\":\"ReadAction\",\"target\":[\"http:\\\/\\\/monkey-business.de\\\/home\\\/fraenky\"]}]},{\"@type\":\"ImageObject\",\"inLanguage\":\"de\",\"@id\":\"http:\\\/\\\/monkey-business.de\\\/home\\\/fraenky#primaryimage\",\"url\":\"https:\\\/\\\/monkey-business.de\\\/wp-content\\\/uploads\\\/2022\\\/12\\\/KH1_5730-682x1024.jpg\",\"contentUrl\":\"https:\\\/\\\/monkey-business.de\\\/wp-content\\\/uploads\\\/2022\\\/12\\\/KH1_5730-682x1024.jpg\"},{\"@type\":\"BreadcrumbList\",\"@id\":\"http:\\\/\\\/monkey-business.de\\\/home\\\/fraenky#breadcrumb\",\"itemListElement\":[{\"@type\":\"ListItem\",\"position\":1,\"name\":\"Home\",\"item\":\"https:\\\/\\\/monkey-business.de\\\/home\\\/\"},{\"@type\":\"ListItem\",\"position\":2,\"name\":\"Fr\u00e4nky\"}]},{\"@type\":\"WebSite\",\"@id\":\"https:\\\/\\\/monkey-business.de\\\/home\\\/#website\",\"url\":\"https:\\\/\\\/monkey-business.de\\\/home\\\/\",\"name\":\"Monkey Business\",\"description\":\"\",\"potentialAction\":[{\"@type\":\"SearchAction\",\"target\":{\"@type\":\"EntryPoint\",\"urlTemplate\":\"https:\\\/\\\/monkey-business.de\\\/home\\\/?s={search_term_string}\"},\"query-input\":{\"@type\":\"PropertyValueSpecification\",\"valueRequired\":true,\"valueName\":\"search_term_string\"}}],\"inLanguage\":\"de\"}]}<\/script>\n<!-- \/ Yoast SEO plugin. -->","yoast_head_json":{"title":"Fr\u00e4nky -","description":"Gitarre seit dem 14. Lebensjahr. Meist autodidaktisch, aber auch immer wieder zu Gast bei verschiedenen Gitarreninstituten. Von ca. 1989 bis 1995 Gitarrist bei der Rock Cover Band DreamLine","robots":{"index":"index","follow":"follow","max-snippet":"max-snippet:-1","max-image-preview":"max-image-preview:large","max-video-preview":"max-video-preview:-1"},"canonical":"http:\/\/monkey-business.de\/home\/fraenky","og_locale":"de_DE","og_type":"article","og_title":"Fr\u00e4nky -","og_description":"Gitarre seit dem 14. Lebensjahr. Meist autodidaktisch, aber auch immer wieder zu Gast bei verschiedenen Gitarreninstituten. Von ca. 1989 bis 1995 Gitarrist bei der Rock Cover Band DreamLine","og_url":"http:\/\/monkey-business.de\/home\/fraenky","article_publisher":"https:\/\/www.facebook.com\/MonkeyBusinessRock","article_modified_time":"2023-08-21T09:49:43+00:00","og_image":[{"url":"https:\/\/monkey-business.de\/wp-content\/uploads\/2022\/12\/KH1_5730-682x1024.jpg","type":"","width":"","height":""}],"twitter_card":"summary_large_image","twitter_misc":{"Gesch\u00e4tzte Lesezeit":"4\u00a0Minuten"},"schema":{"@context":"https:\/\/schema.org","@graph":[{"@type":"WebPage","@id":"http:\/\/monkey-business.de\/home\/fraenky","url":"http:\/\/monkey-business.de\/home\/fraenky","name":"Fr\u00e4nky -","isPartOf":{"@id":"https:\/\/monkey-business.de\/home\/#website"},"primaryImageOfPage":{"@id":"http:\/\/monkey-business.de\/home\/fraenky#primaryimage"},"image":{"@id":"http:\/\/monkey-business.de\/home\/fraenky#primaryimage"},"thumbnailUrl":"https:\/\/monkey-business.de\/wp-content\/uploads\/2022\/12\/KH1_5730-682x1024.jpg","datePublished":"2015-12-09T15:18:22+00:00","dateModified":"2023-08-21T09:49:43+00:00","description":"Gitarre seit dem 14. Lebensjahr. Meist autodidaktisch, aber auch immer wieder zu Gast bei verschiedenen Gitarreninstituten. Von ca. 1989 bis 1995 Gitarrist bei der Rock Cover Band DreamLine","breadcrumb":{"@id":"http:\/\/monkey-business.de\/home\/fraenky#breadcrumb"},"inLanguage":"de","potentialAction":[{"@type":"ReadAction","target":["http:\/\/monkey-business.de\/home\/fraenky"]}]},{"@type":"ImageObject","inLanguage":"de","@id":"http:\/\/monkey-business.de\/home\/fraenky#primaryimage","url":"https:\/\/monkey-business.de\/wp-content\/uploads\/2022\/12\/KH1_5730-682x1024.jpg","contentUrl":"https:\/\/monkey-business.de\/wp-content\/uploads\/2022\/12\/KH1_5730-682x1024.jpg"},{"@type":"BreadcrumbList","@id":"http:\/\/monkey-business.de\/home\/fraenky#breadcrumb","itemListElement":[{"@type":"ListItem","position":1,"name":"Home","item":"https:\/\/monkey-business.de\/home\/"},{"@type":"ListItem","position":2,"name":"Fr\u00e4nky"}]},{"@type":"WebSite","@id":"https:\/\/monkey-business.de\/home\/#website","url":"https:\/\/monkey-business.de\/home\/","name":"Monkey Business","description":"","potentialAction":[{"@type":"SearchAction","target":{"@type":"EntryPoint","urlTemplate":"https:\/\/monkey-business.de\/home\/?s={search_term_string}"},"query-input":{"@type":"PropertyValueSpecification","valueRequired":true,"valueName":"search_term_string"}}],"inLanguage":"de"}]}},"_links":{"self":[{"href":"http:\/\/monkey-business.de\/home\/wp-json\/wp\/v2\/pages\/285","targetHints":{"allow":["GET"]}}],"collection":[{"href":"http:\/\/monkey-business.de\/home\/wp-json\/wp\/v2\/pages"}],"about":[{"href":"http:\/\/monkey-business.de\/home\/wp-json\/wp\/v2\/types\/page"}],"author":[{"embeddable":true,"href":"http:\/\/monkey-business.de\/home\/wp-json\/wp\/v2\/users\/1"}],"replies":[{"embeddable":true,"href":"http:\/\/monkey-business.de\/home\/wp-json\/wp\/v2\/comments?post=285"}],"version-history":[{"count":9,"href":"http:\/\/monkey-business.de\/home\/wp-json\/wp\/v2\/pages\/285\/revisions"}],"predecessor-version":[{"id":2511,"href":"http:\/\/monkey-business.de\/home\/wp-json\/wp\/v2\/pages\/285\/revisions\/2511"}],"wp:attachment":[{"href":"http:\/\/monkey-business.de\/home\/wp-json\/wp\/v2\/media?parent=285"}],"curies":[{"name":"wp","href":"https:\/\/api.w.org\/{rel}","templated":true}]}}