{"id":282,"date":"2015-12-09T15:16:23","date_gmt":"2015-12-09T15:16:23","guid":{"rendered":"http:\/\/monkey-business.de\/?page_id=282"},"modified":"2023-08-21T09:47:13","modified_gmt":"2023-08-21T09:47:13","slug":"dani","status":"publish","type":"page","link":"http:\/\/monkey-business.de\/home\/dani","title":{"rendered":"Dani"},"content":{"rendered":"\n<figure class=\"wp-block-gallery has-nested-images columns-default is-cropped wp-block-gallery-1 is-layout-flex wp-block-gallery-is-layout-flex\">\n<figure class=\"wp-block-image size-large\"><a href=\"https:\/\/monkey-business.de\/wp-content\/uploads\/2022\/12\/KH1_0032.jpg\"><img loading=\"lazy\" decoding=\"async\" width=\"682\" height=\"1024\" data-id=\"2341\" src=\"https:\/\/monkey-business.de\/wp-content\/uploads\/2022\/12\/KH1_0032-682x1024.jpg\" alt=\"\" class=\"wp-image-2341\" srcset=\"http:\/\/monkey-business.de\/wp-content\/uploads\/2022\/12\/KH1_0032-682x1024.jpg 682w, http:\/\/monkey-business.de\/wp-content\/uploads\/2022\/12\/KH1_0032-200x300.jpg 200w, http:\/\/monkey-business.de\/wp-content\/uploads\/2022\/12\/KH1_0032-768x1152.jpg 768w, http:\/\/monkey-business.de\/wp-content\/uploads\/2022\/12\/KH1_0032-1024x1536.jpg 1024w, http:\/\/monkey-business.de\/wp-content\/uploads\/2022\/12\/KH1_0032.jpg 1333w\" sizes=\"auto, (max-width: 682px) 100vw, 682px\" \/><\/a><\/figure>\n\n\n\n<figure class=\"wp-block-image size-large\"><a href=\"https:\/\/monkey-business.de\/wp-content\/uploads\/2022\/12\/KH1_0272.jpg\"><img loading=\"lazy\" decoding=\"async\" width=\"682\" height=\"1024\" data-id=\"2342\" src=\"https:\/\/monkey-business.de\/wp-content\/uploads\/2022\/12\/KH1_0272-682x1024.jpg\" alt=\"\" class=\"wp-image-2342\" srcset=\"http:\/\/monkey-business.de\/wp-content\/uploads\/2022\/12\/KH1_0272-682x1024.jpg 682w, http:\/\/monkey-business.de\/wp-content\/uploads\/2022\/12\/KH1_0272-200x300.jpg 200w, http:\/\/monkey-business.de\/wp-content\/uploads\/2022\/12\/KH1_0272-768x1152.jpg 768w, http:\/\/monkey-business.de\/wp-content\/uploads\/2022\/12\/KH1_0272-1024x1536.jpg 1024w, http:\/\/monkey-business.de\/wp-content\/uploads\/2022\/12\/KH1_0272.jpg 1333w\" sizes=\"auto, (max-width: 682px) 100vw, 682px\" \/><\/a><\/figure>\n\n\n\n<figure class=\"wp-block-image size-large\"><a href=\"https:\/\/monkey-business.de\/wp-content\/uploads\/2022\/12\/KH1_5726.jpg\"><img loading=\"lazy\" decoding=\"async\" width=\"1024\" height=\"682\" data-id=\"2345\" src=\"https:\/\/monkey-business.de\/wp-content\/uploads\/2022\/12\/KH1_5726-1024x682.jpg\" alt=\"\" class=\"wp-image-2345\" srcset=\"http:\/\/monkey-business.de\/wp-content\/uploads\/2022\/12\/KH1_5726-1024x682.jpg 1024w, http:\/\/monkey-business.de\/wp-content\/uploads\/2022\/12\/KH1_5726-300x200.jpg 300w, http:\/\/monkey-business.de\/wp-content\/uploads\/2022\/12\/KH1_5726-768x512.jpg 768w, http:\/\/monkey-business.de\/wp-content\/uploads\/2022\/12\/KH1_5726-1536x1024.jpg 1536w, http:\/\/monkey-business.de\/wp-content\/uploads\/2022\/12\/KH1_5726.jpg 2000w\" sizes=\"auto, (max-width: 1024px) 100vw, 1024px\" \/><\/a><\/figure>\n\n\n\n<figure class=\"wp-block-image size-large\"><a href=\"https:\/\/monkey-business.de\/wp-content\/uploads\/2022\/12\/KH1_5757.jpg\"><img loading=\"lazy\" decoding=\"async\" width=\"682\" height=\"1024\" data-id=\"2343\" src=\"https:\/\/monkey-business.de\/wp-content\/uploads\/2022\/12\/KH1_5757-682x1024.jpg\" alt=\"\" class=\"wp-image-2343\" srcset=\"http:\/\/monkey-business.de\/wp-content\/uploads\/2022\/12\/KH1_5757-682x1024.jpg 682w, http:\/\/monkey-business.de\/wp-content\/uploads\/2022\/12\/KH1_5757-200x300.jpg 200w, http:\/\/monkey-business.de\/wp-content\/uploads\/2022\/12\/KH1_5757-768x1152.jpg 768w, http:\/\/monkey-business.de\/wp-content\/uploads\/2022\/12\/KH1_5757-1024x1536.jpg 1024w, http:\/\/monkey-business.de\/wp-content\/uploads\/2022\/12\/KH1_5757.jpg 1333w\" sizes=\"auto, (max-width: 682px) 100vw, 682px\" \/><\/a><\/figure>\n\n\n\n<figure class=\"wp-block-image size-large\"><a href=\"https:\/\/monkey-business.de\/wp-content\/uploads\/2022\/12\/KH1_5786.jpg\"><img loading=\"lazy\" decoding=\"async\" width=\"1024\" height=\"682\" data-id=\"2338\" src=\"https:\/\/monkey-business.de\/wp-content\/uploads\/2022\/12\/KH1_5786-1024x682.jpg\" alt=\"\" class=\"wp-image-2338\" srcset=\"http:\/\/monkey-business.de\/wp-content\/uploads\/2022\/12\/KH1_5786-1024x682.jpg 1024w, http:\/\/monkey-business.de\/wp-content\/uploads\/2022\/12\/KH1_5786-300x200.jpg 300w, http:\/\/monkey-business.de\/wp-content\/uploads\/2022\/12\/KH1_5786-768x512.jpg 768w, http:\/\/monkey-business.de\/wp-content\/uploads\/2022\/12\/KH1_5786-1536x1024.jpg 1536w, http:\/\/monkey-business.de\/wp-content\/uploads\/2022\/12\/KH1_5786.jpg 2000w\" sizes=\"auto, (max-width: 1024px) 100vw, 1024px\" \/><\/a><\/figure>\n\n\n\n<figure class=\"wp-block-image size-large\"><a href=\"https:\/\/monkey-business.de\/wp-content\/uploads\/2022\/12\/KH1_5823.jpg\"><img loading=\"lazy\" decoding=\"async\" width=\"1024\" height=\"682\" data-id=\"2340\" src=\"https:\/\/monkey-business.de\/wp-content\/uploads\/2022\/12\/KH1_5823-1024x682.jpg\" alt=\"\" class=\"wp-image-2340\" srcset=\"http:\/\/monkey-business.de\/wp-content\/uploads\/2022\/12\/KH1_5823-1024x682.jpg 1024w, http:\/\/monkey-business.de\/wp-content\/uploads\/2022\/12\/KH1_5823-300x200.jpg 300w, http:\/\/monkey-business.de\/wp-content\/uploads\/2022\/12\/KH1_5823-768x512.jpg 768w, http:\/\/monkey-business.de\/wp-content\/uploads\/2022\/12\/KH1_5823-1536x1024.jpg 1536w, http:\/\/monkey-business.de\/wp-content\/uploads\/2022\/12\/KH1_5823.jpg 2000w\" sizes=\"auto, (max-width: 1024px) 100vw, 1024px\" \/><\/a><\/figure>\n\n\n\n<figure class=\"wp-block-image size-large\"><a href=\"https:\/\/monkey-business.de\/wp-content\/uploads\/2022\/12\/KH1_6040.jpg\"><img loading=\"lazy\" decoding=\"async\" width=\"1024\" height=\"682\" data-id=\"2339\" src=\"https:\/\/monkey-business.de\/wp-content\/uploads\/2022\/12\/KH1_6040-1024x682.jpg\" alt=\"\" class=\"wp-image-2339\" srcset=\"http:\/\/monkey-business.de\/wp-content\/uploads\/2022\/12\/KH1_6040-1024x682.jpg 1024w, http:\/\/monkey-business.de\/wp-content\/uploads\/2022\/12\/KH1_6040-300x200.jpg 300w, http:\/\/monkey-business.de\/wp-content\/uploads\/2022\/12\/KH1_6040-768x512.jpg 768w, http:\/\/monkey-business.de\/wp-content\/uploads\/2022\/12\/KH1_6040-1536x1024.jpg 1536w, http:\/\/monkey-business.de\/wp-content\/uploads\/2022\/12\/KH1_6040.jpg 2000w\" sizes=\"auto, (max-width: 1024px) 100vw, 1024px\" \/><\/a><\/figure>\n\n\n\n<figure class=\"wp-block-image size-large\"><a href=\"https:\/\/monkey-business.de\/wp-content\/uploads\/2022\/12\/KH1_6063.jpg\"><img loading=\"lazy\" decoding=\"async\" width=\"682\" height=\"1024\" data-id=\"2344\" src=\"https:\/\/monkey-business.de\/wp-content\/uploads\/2022\/12\/KH1_6063-682x1024.jpg\" alt=\"\" class=\"wp-image-2344\" srcset=\"http:\/\/monkey-business.de\/wp-content\/uploads\/2022\/12\/KH1_6063-682x1024.jpg 682w, http:\/\/monkey-business.de\/wp-content\/uploads\/2022\/12\/KH1_6063-200x300.jpg 200w, http:\/\/monkey-business.de\/wp-content\/uploads\/2022\/12\/KH1_6063-768x1152.jpg 768w, http:\/\/monkey-business.de\/wp-content\/uploads\/2022\/12\/KH1_6063-1024x1536.jpg 1024w, http:\/\/monkey-business.de\/wp-content\/uploads\/2022\/12\/KH1_6063.jpg 1333w\" sizes=\"auto, (max-width: 682px) 100vw, 682px\" \/><\/a><\/figure>\n<\/figure>\n\n\n\n<figure class=\"wp-block-gallery has-nested-images columns-4 is-cropped wp-block-gallery-2 is-layout-flex wp-block-gallery-is-layout-flex\">\n<figure class=\"wp-block-image size-large\"><a href=\"https:\/\/monkey-business.de\/wp-content\/uploads\/2019\/12\/IMG-20191101-WA0045-1.jpg\"><img loading=\"lazy\" decoding=\"async\" width=\"729\" height=\"1024\" data-id=\"1803\" src=\"https:\/\/monkey-business.de\/wp-content\/uploads\/2019\/12\/IMG-20191101-WA0045-1-729x1024.jpg\" alt=\"\" class=\"wp-image-1803\" srcset=\"http:\/\/monkey-business.de\/wp-content\/uploads\/2019\/12\/IMG-20191101-WA0045-1-729x1024.jpg 729w, http:\/\/monkey-business.de\/wp-content\/uploads\/2019\/12\/IMG-20191101-WA0045-1-214x300.jpg 214w, http:\/\/monkey-business.de\/wp-content\/uploads\/2019\/12\/IMG-20191101-WA0045-1-768x1078.jpg 768w, http:\/\/monkey-business.de\/wp-content\/uploads\/2019\/12\/IMG-20191101-WA0045-1-1094x1536.jpg 1094w, http:\/\/monkey-business.de\/wp-content\/uploads\/2019\/12\/IMG-20191101-WA0045-1.jpg 1132w\" sizes=\"auto, (max-width: 729px) 100vw, 729px\" \/><\/a><\/figure>\n\n\n\n<figure class=\"wp-block-image size-large\"><a href=\"https:\/\/monkey-business.de\/wp-content\/uploads\/2019\/12\/IMG-20191101-WA0096.jpg\"><img loading=\"lazy\" decoding=\"async\" width=\"768\" height=\"1024\" data-id=\"1805\" src=\"https:\/\/monkey-business.de\/wp-content\/uploads\/2019\/12\/IMG-20191101-WA0096-768x1024.jpg\" alt=\"\" class=\"wp-image-1805\" srcset=\"http:\/\/monkey-business.de\/wp-content\/uploads\/2019\/12\/IMG-20191101-WA0096-768x1024.jpg 768w, http:\/\/monkey-business.de\/wp-content\/uploads\/2019\/12\/IMG-20191101-WA0096-225x300.jpg 225w, http:\/\/monkey-business.de\/wp-content\/uploads\/2019\/12\/IMG-20191101-WA0096-1152x1536.jpg 1152w, http:\/\/monkey-business.de\/wp-content\/uploads\/2019\/12\/IMG-20191101-WA0096.jpg 1200w\" sizes=\"auto, (max-width: 768px) 100vw, 768px\" \/><\/a><\/figure>\n\n\n\n<figure class=\"wp-block-image size-large\"><a href=\"https:\/\/monkey-business.de\/wp-content\/uploads\/2019\/12\/51569548_10156901629468798_264614172057141248_o.jpg\"><img loading=\"lazy\" decoding=\"async\" width=\"768\" height=\"1024\" data-id=\"1806\" src=\"https:\/\/monkey-business.de\/wp-content\/uploads\/2019\/12\/51569548_10156901629468798_264614172057141248_o-768x1024.jpg\" alt=\"\" class=\"wp-image-1806\" srcset=\"http:\/\/monkey-business.de\/wp-content\/uploads\/2019\/12\/51569548_10156901629468798_264614172057141248_o-768x1024.jpg 768w, http:\/\/monkey-business.de\/wp-content\/uploads\/2019\/12\/51569548_10156901629468798_264614172057141248_o-225x300.jpg 225w, http:\/\/monkey-business.de\/wp-content\/uploads\/2019\/12\/51569548_10156901629468798_264614172057141248_o-1152x1536.jpg 1152w, http:\/\/monkey-business.de\/wp-content\/uploads\/2019\/12\/51569548_10156901629468798_264614172057141248_o.jpg 1536w\" sizes=\"auto, (max-width: 768px) 100vw, 768px\" \/><\/a><\/figure>\n\n\n\n<figure class=\"wp-block-image size-large\"><a href=\"https:\/\/monkey-business.de\/wp-content\/uploads\/2019\/12\/51870255_10156901629873798_7982136937966206976_o.jpg\"><img loading=\"lazy\" decoding=\"async\" width=\"884\" height=\"1024\" data-id=\"1807\" src=\"https:\/\/monkey-business.de\/wp-content\/uploads\/2019\/12\/51870255_10156901629873798_7982136937966206976_o-884x1024.jpg\" alt=\"\" class=\"wp-image-1807\" srcset=\"http:\/\/monkey-business.de\/wp-content\/uploads\/2019\/12\/51870255_10156901629873798_7982136937966206976_o-884x1024.jpg 884w, http:\/\/monkey-business.de\/wp-content\/uploads\/2019\/12\/51870255_10156901629873798_7982136937966206976_o-259x300.jpg 259w, http:\/\/monkey-business.de\/wp-content\/uploads\/2019\/12\/51870255_10156901629873798_7982136937966206976_o-768x890.jpg 768w, http:\/\/monkey-business.de\/wp-content\/uploads\/2019\/12\/51870255_10156901629873798_7982136937966206976_o-1325x1536.jpg 1325w, http:\/\/monkey-business.de\/wp-content\/uploads\/2019\/12\/51870255_10156901629873798_7982136937966206976_o.jpg 1637w\" sizes=\"auto, (max-width: 884px) 100vw, 884px\" \/><\/a><\/figure>\n\n\n\n<figure class=\"wp-block-image size-large\"><a href=\"https:\/\/monkey-business.de\/wp-content\/uploads\/2019\/12\/IMG-20191101-WA0042-1.jpg\"><img loading=\"lazy\" decoding=\"async\" width=\"621\" height=\"1024\" data-id=\"1808\" src=\"https:\/\/monkey-business.de\/wp-content\/uploads\/2019\/12\/IMG-20191101-WA0042-1-621x1024.jpg\" alt=\"\" class=\"wp-image-1808\" srcset=\"http:\/\/monkey-business.de\/wp-content\/uploads\/2019\/12\/IMG-20191101-WA0042-1-621x1024.jpg 621w, http:\/\/monkey-business.de\/wp-content\/uploads\/2019\/12\/IMG-20191101-WA0042-1-182x300.jpg 182w, http:\/\/monkey-business.de\/wp-content\/uploads\/2019\/12\/IMG-20191101-WA0042-1-768x1265.jpg 768w, http:\/\/monkey-business.de\/wp-content\/uploads\/2019\/12\/IMG-20191101-WA0042-1-932x1536.jpg 932w, http:\/\/monkey-business.de\/wp-content\/uploads\/2019\/12\/IMG-20191101-WA0042-1.jpg 971w\" sizes=\"auto, (max-width: 621px) 100vw, 621px\" \/><\/a><\/figure>\n\n\n\n<figure class=\"wp-block-image size-large\"><a href=\"https:\/\/monkey-business.de\/wp-content\/uploads\/2019\/12\/IMG-20191101-WA0047-1.jpg\"><img loading=\"lazy\" decoding=\"async\" width=\"768\" height=\"1024\" data-id=\"1809\" src=\"https:\/\/monkey-business.de\/wp-content\/uploads\/2019\/12\/IMG-20191101-WA0047-1-768x1024.jpg\" alt=\"\" class=\"wp-image-1809\" srcset=\"http:\/\/monkey-business.de\/wp-content\/uploads\/2019\/12\/IMG-20191101-WA0047-1-768x1024.jpg 768w, http:\/\/monkey-business.de\/wp-content\/uploads\/2019\/12\/IMG-20191101-WA0047-1-225x300.jpg 225w, http:\/\/monkey-business.de\/wp-content\/uploads\/2019\/12\/IMG-20191101-WA0047-1-1152x1536.jpg 1152w, http:\/\/monkey-business.de\/wp-content\/uploads\/2019\/12\/IMG-20191101-WA0047-1.jpg 1200w\" sizes=\"auto, (max-width: 768px) 100vw, 768px\" \/><\/a><\/figure>\n\n\n\n<figure class=\"wp-block-image size-large\"><a href=\"https:\/\/monkey-business.de\/wp-content\/uploads\/2019\/12\/IMG-20190804-WA0010.jpg\"><img loading=\"lazy\" decoding=\"async\" width=\"768\" height=\"1024\" data-id=\"1810\" src=\"https:\/\/monkey-business.de\/wp-content\/uploads\/2019\/12\/IMG-20190804-WA0010-768x1024.jpg\" alt=\"\" class=\"wp-image-1810\" srcset=\"http:\/\/monkey-business.de\/wp-content\/uploads\/2019\/12\/IMG-20190804-WA0010-768x1024.jpg 768w, http:\/\/monkey-business.de\/wp-content\/uploads\/2019\/12\/IMG-20190804-WA0010-225x300.jpg 225w, http:\/\/monkey-business.de\/wp-content\/uploads\/2019\/12\/IMG-20190804-WA0010-1152x1536.jpg 1152w, http:\/\/monkey-business.de\/wp-content\/uploads\/2019\/12\/IMG-20190804-WA0010.jpg 1200w\" sizes=\"auto, (max-width: 768px) 100vw, 768px\" \/><\/a><\/figure>\n\n\n\n<figure class=\"wp-block-image size-large\"><a href=\"https:\/\/monkey-business.de\/wp-content\/uploads\/2019\/12\/IMG-20180603-WA0018.jpg\"><img loading=\"lazy\" decoding=\"async\" width=\"768\" height=\"1024\" data-id=\"1811\" src=\"https:\/\/monkey-business.de\/wp-content\/uploads\/2019\/12\/IMG-20180603-WA0018-768x1024.jpg\" alt=\"\" class=\"wp-image-1811\" srcset=\"http:\/\/monkey-business.de\/wp-content\/uploads\/2019\/12\/IMG-20180603-WA0018-768x1024.jpg 768w, http:\/\/monkey-business.de\/wp-content\/uploads\/2019\/12\/IMG-20180603-WA0018-225x300.jpg 225w, http:\/\/monkey-business.de\/wp-content\/uploads\/2019\/12\/IMG-20180603-WA0018.jpg 960w\" sizes=\"auto, (max-width: 768px) 100vw, 768px\" \/><\/a><\/figure>\n<\/figure>\n\n\n<p><strong>Dan<\/strong><strong>i<\/strong><\/p>\n<h5>Aufgabe in der Band:<\/h5>\n<ul>\n<li>Singen<\/li>\n<\/ul>\n<h5>Unter diesen Verr\u00fcckten seit:<\/h5>\n<ul>\n<li>2010<\/li>\n<\/ul>\n<h5>Es war einmal:<\/h5>\n<ul>\n<li>Ein kleiner Dani der hinaus in die weite Welt zog um die gro\u00dfe Liebe zu finden<\/li>\n<\/ul>\n<h5>Equipment:<\/h5>\n<ul>\n<li>Shure Beta 58 A<\/li>\n<\/ul>\n<h5>Musikalische Pr\u00e4gungen:<\/h5>\n<ul>\n<li>Rise Against, Slipknot, Nirvana, Metallica, Jimmy Eat World, &#8230;<\/li>\n<\/ul>\n<h5>Lebensmotto:<\/h5>\n<ul>\n<li>Es kommt wie es kommt &#8230;<\/li>\n<\/ul>\n<h5>Besondere Macken:<\/h5>\n<ul>\n<li>Der Jacky darf auf keinen Fall zu sp\u00e4t kommen<\/li>\n<\/ul>\n<h5>Warum Monkey Business:<\/h5>\n<ul>\n<li>Weil&#8217;s passt<\/li>\n<\/ul>\n<h5>Kontakt:<\/h5>\n<ul>\n<li>Dani@Monkey-Business.de<\/li>\n<\/ul>\n<h5>Biografie:<\/h5>\n<p style=\"text-align: justify;\">Der Ausnahmemusiker begann bereits in der 4. Klasse Udo Lindenberg zu covern. Nach einigen Stationen wie Kirchenchor und Gesangsverein entschied sich Dani 1999 den Schritt auf die B\u00fchnen der Welt zu wagen. Mad Cow Desease war der Anfang. Mit Knock me Out fand er eine Combo die Deutschlandweit die B\u00fchnen rockte. Nach 7 Jahren war es Zeit f\u00fcr eine Ver\u00e4nderung. Die n\u00e4chste Band bevor er sich in den Mutterschutz verabschiedete war Out of Limits. Nach der kreativen Pause fand er unausweichlich den Weg zu Monkey Business wo er die Truppe seit 2011 vervollst\u00e4ndigt.<\/p>\n<\/p>","protected":false},"excerpt":{"rendered":"<p>Dani Aufgabe in der Band: Singen Unter diesen Verr\u00fcckten seit: 2010 Es war einmal: Ein kleiner Dani der hinaus in die weite Welt zog um die gro\u00dfe Liebe zu finden<a href=\"http:\/\/monkey-business.de\/home\/dani\" class=\"more-link\"><span class=\"readmore\">Continue reading<span class=\"screen-reader-text\">Dani<\/span><\/span><\/a><\/p>\n","protected":false},"author":1,"featured_media":0,"parent":0,"menu_order":0,"comment_status":"closed","ping_status":"closed","template":"","meta":{"footnotes":""},"class_list":["post-282","page","type-page","status-publish","hentry"],"yoast_head":"<!-- This site is optimized with the Yoast SEO plugin v27.5 - https:\/\/yoast.com\/product\/yoast-seo-wordpress\/ -->\n<title>Dani -<\/title>\n<meta name=\"description\" content=\"Der Ausnahmemusiker und S\u00e4nger begann bereits in der 4. Klasse Udo Lindenberg zu covern. Nach einigen Stationen wie Kirchenchor und Gesangsverein entschied sich Dani 1999 den Schritt auf die B\u00fchnen der Welt zu wagen.\" \/>\n<meta name=\"robots\" content=\"index, follow, max-snippet:-1, max-image-preview:large, max-video-preview:-1\" \/>\n<link rel=\"canonical\" href=\"https:\/\/monkey-business.de\/home\/dani\" \/>\n<meta property=\"og:locale\" content=\"de_DE\" \/>\n<meta property=\"og:type\" content=\"article\" \/>\n<meta property=\"og:title\" content=\"Dani -\" \/>\n<meta property=\"og:description\" content=\"Der Ausnahmemusiker und S\u00e4nger begann bereits in der 4. Klasse Udo Lindenberg zu covern. Nach einigen Stationen wie Kirchenchor und Gesangsverein entschied sich Dani 1999 den Schritt auf die B\u00fchnen der Welt zu wagen.\" \/>\n<meta property=\"og:url\" content=\"https:\/\/monkey-business.de\/home\/dani\" \/>\n<meta property=\"article:publisher\" content=\"https:\/\/www.facebook.com\/MonkeyBusinessRock\" \/>\n<meta property=\"article:modified_time\" content=\"2023-08-21T09:47:13+00:00\" \/>\n<meta property=\"og:image\" content=\"https:\/\/monkey-business.de\/wp-content\/uploads\/2022\/12\/KH1_0032-682x1024.jpg\" \/>\n<meta name=\"twitter:card\" content=\"summary_large_image\" \/>\n<meta name=\"twitter:label1\" content=\"Gesch\u00e4tzte Lesezeit\" \/>\n\t<meta name=\"twitter:data1\" content=\"5\u00a0Minuten\" \/>\n<script type=\"application\/ld+json\" class=\"yoast-schema-graph\">{\"@context\":\"https:\\\/\\\/schema.org\",\"@graph\":[{\"@type\":\"WebPage\",\"@id\":\"https:\\\/\\\/monkey-business.de\\\/home\\\/dani\",\"url\":\"https:\\\/\\\/monkey-business.de\\\/home\\\/dani\",\"name\":\"Dani -\",\"isPartOf\":{\"@id\":\"http:\\\/\\\/monkey-business.de\\\/home\\\/#website\"},\"primaryImageOfPage\":{\"@id\":\"https:\\\/\\\/monkey-business.de\\\/home\\\/dani#primaryimage\"},\"image\":{\"@id\":\"https:\\\/\\\/monkey-business.de\\\/home\\\/dani#primaryimage\"},\"thumbnailUrl\":\"https:\\\/\\\/monkey-business.de\\\/wp-content\\\/uploads\\\/2022\\\/12\\\/KH1_0032-682x1024.jpg\",\"datePublished\":\"2015-12-09T15:16:23+00:00\",\"dateModified\":\"2023-08-21T09:47:13+00:00\",\"description\":\"Der Ausnahmemusiker und S\u00e4nger begann bereits in der 4. Klasse Udo Lindenberg zu covern. Nach einigen Stationen wie Kirchenchor und Gesangsverein entschied sich Dani 1999 den Schritt auf die B\u00fchnen der Welt zu wagen.\",\"breadcrumb\":{\"@id\":\"https:\\\/\\\/monkey-business.de\\\/home\\\/dani#breadcrumb\"},\"inLanguage\":\"de\",\"potentialAction\":[{\"@type\":\"ReadAction\",\"target\":[\"https:\\\/\\\/monkey-business.de\\\/home\\\/dani\"]}]},{\"@type\":\"ImageObject\",\"inLanguage\":\"de\",\"@id\":\"https:\\\/\\\/monkey-business.de\\\/home\\\/dani#primaryimage\",\"url\":\"https:\\\/\\\/monkey-business.de\\\/wp-content\\\/uploads\\\/2022\\\/12\\\/KH1_0032-682x1024.jpg\",\"contentUrl\":\"https:\\\/\\\/monkey-business.de\\\/wp-content\\\/uploads\\\/2022\\\/12\\\/KH1_0032-682x1024.jpg\"},{\"@type\":\"BreadcrumbList\",\"@id\":\"https:\\\/\\\/monkey-business.de\\\/home\\\/dani#breadcrumb\",\"itemListElement\":[{\"@type\":\"ListItem\",\"position\":1,\"name\":\"Home\",\"item\":\"http:\\\/\\\/monkey-business.de\\\/home\\\/\"},{\"@type\":\"ListItem\",\"position\":2,\"name\":\"Dani\"}]},{\"@type\":\"WebSite\",\"@id\":\"http:\\\/\\\/monkey-business.de\\\/home\\\/#website\",\"url\":\"http:\\\/\\\/monkey-business.de\\\/home\\\/\",\"name\":\"Monkey Business\",\"description\":\"\",\"potentialAction\":[{\"@type\":\"SearchAction\",\"target\":{\"@type\":\"EntryPoint\",\"urlTemplate\":\"http:\\\/\\\/monkey-business.de\\\/home\\\/?s={search_term_string}\"},\"query-input\":{\"@type\":\"PropertyValueSpecification\",\"valueRequired\":true,\"valueName\":\"search_term_string\"}}],\"inLanguage\":\"de\"}]}<\/script>\n<!-- \/ Yoast SEO plugin. -->","yoast_head_json":{"title":"Dani -","description":"Der Ausnahmemusiker und S\u00e4nger begann bereits in der 4. Klasse Udo Lindenberg zu covern. Nach einigen Stationen wie Kirchenchor und Gesangsverein entschied sich Dani 1999 den Schritt auf die B\u00fchnen der Welt zu wagen.","robots":{"index":"index","follow":"follow","max-snippet":"max-snippet:-1","max-image-preview":"max-image-preview:large","max-video-preview":"max-video-preview:-1"},"canonical":"https:\/\/monkey-business.de\/home\/dani","og_locale":"de_DE","og_type":"article","og_title":"Dani -","og_description":"Der Ausnahmemusiker und S\u00e4nger begann bereits in der 4. Klasse Udo Lindenberg zu covern. Nach einigen Stationen wie Kirchenchor und Gesangsverein entschied sich Dani 1999 den Schritt auf die B\u00fchnen der Welt zu wagen.","og_url":"https:\/\/monkey-business.de\/home\/dani","article_publisher":"https:\/\/www.facebook.com\/MonkeyBusinessRock","article_modified_time":"2023-08-21T09:47:13+00:00","og_image":[{"url":"https:\/\/monkey-business.de\/wp-content\/uploads\/2022\/12\/KH1_0032-682x1024.jpg","type":"","width":"","height":""}],"twitter_card":"summary_large_image","twitter_misc":{"Gesch\u00e4tzte Lesezeit":"5\u00a0Minuten"},"schema":{"@context":"https:\/\/schema.org","@graph":[{"@type":"WebPage","@id":"https:\/\/monkey-business.de\/home\/dani","url":"https:\/\/monkey-business.de\/home\/dani","name":"Dani -","isPartOf":{"@id":"http:\/\/monkey-business.de\/home\/#website"},"primaryImageOfPage":{"@id":"https:\/\/monkey-business.de\/home\/dani#primaryimage"},"image":{"@id":"https:\/\/monkey-business.de\/home\/dani#primaryimage"},"thumbnailUrl":"https:\/\/monkey-business.de\/wp-content\/uploads\/2022\/12\/KH1_0032-682x1024.jpg","datePublished":"2015-12-09T15:16:23+00:00","dateModified":"2023-08-21T09:47:13+00:00","description":"Der Ausnahmemusiker und S\u00e4nger begann bereits in der 4. Klasse Udo Lindenberg zu covern. Nach einigen Stationen wie Kirchenchor und Gesangsverein entschied sich Dani 1999 den Schritt auf die B\u00fchnen der Welt zu wagen.","breadcrumb":{"@id":"https:\/\/monkey-business.de\/home\/dani#breadcrumb"},"inLanguage":"de","potentialAction":[{"@type":"ReadAction","target":["https:\/\/monkey-business.de\/home\/dani"]}]},{"@type":"ImageObject","inLanguage":"de","@id":"https:\/\/monkey-business.de\/home\/dani#primaryimage","url":"https:\/\/monkey-business.de\/wp-content\/uploads\/2022\/12\/KH1_0032-682x1024.jpg","contentUrl":"https:\/\/monkey-business.de\/wp-content\/uploads\/2022\/12\/KH1_0032-682x1024.jpg"},{"@type":"BreadcrumbList","@id":"https:\/\/monkey-business.de\/home\/dani#breadcrumb","itemListElement":[{"@type":"ListItem","position":1,"name":"Home","item":"http:\/\/monkey-business.de\/home\/"},{"@type":"ListItem","position":2,"name":"Dani"}]},{"@type":"WebSite","@id":"http:\/\/monkey-business.de\/home\/#website","url":"http:\/\/monkey-business.de\/home\/","name":"Monkey Business","description":"","potentialAction":[{"@type":"SearchAction","target":{"@type":"EntryPoint","urlTemplate":"http:\/\/monkey-business.de\/home\/?s={search_term_string}"},"query-input":{"@type":"PropertyValueSpecification","valueRequired":true,"valueName":"search_term_string"}}],"inLanguage":"de"}]}},"_links":{"self":[{"href":"http:\/\/monkey-business.de\/home\/wp-json\/wp\/v2\/pages\/282","targetHints":{"allow":["GET"]}}],"collection":[{"href":"http:\/\/monkey-business.de\/home\/wp-json\/wp\/v2\/pages"}],"about":[{"href":"http:\/\/monkey-business.de\/home\/wp-json\/wp\/v2\/types\/page"}],"author":[{"embeddable":true,"href":"http:\/\/monkey-business.de\/home\/wp-json\/wp\/v2\/users\/1"}],"replies":[{"embeddable":true,"href":"http:\/\/monkey-business.de\/home\/wp-json\/wp\/v2\/comments?post=282"}],"version-history":[{"count":7,"href":"http:\/\/monkey-business.de\/home\/wp-json\/wp\/v2\/pages\/282\/revisions"}],"predecessor-version":[{"id":2506,"href":"http:\/\/monkey-business.de\/home\/wp-json\/wp\/v2\/pages\/282\/revisions\/2506"}],"wp:attachment":[{"href":"http:\/\/monkey-business.de\/home\/wp-json\/wp\/v2\/media?parent=282"}],"curies":[{"name":"wp","href":"https:\/\/api.w.org\/{rel}","templated":true}]}}