{"id":1576,"date":"2019-04-28T15:03:47","date_gmt":"2019-04-28T15:03:47","guid":{"rendered":"http:\/\/monkey-business.de\/?page_id=1576"},"modified":"2025-05-19T08:16:46","modified_gmt":"2025-05-19T08:16:46","slug":"jochen","status":"publish","type":"page","link":"http:\/\/monkey-business.de\/home\/jochen","title":{"rendered":"Jochen"},"content":{"rendered":"\n<figure class=\"wp-block-gallery has-nested-images columns-default is-cropped wp-block-gallery-1 is-layout-flex wp-block-gallery-is-layout-flex\">\n<figure class=\"wp-block-image size-full\"><a href=\"http:\/\/monkey-business.de\/wp-content\/uploads\/2025\/05\/IMG_1665.jpg\"><img loading=\"lazy\" decoding=\"async\" width=\"1333\" height=\"2000\" data-id=\"2612\" src=\"http:\/\/monkey-business.de\/wp-content\/uploads\/2025\/05\/IMG_1665.jpg\" alt=\"\" class=\"wp-image-2612\" srcset=\"http:\/\/monkey-business.de\/wp-content\/uploads\/2025\/05\/IMG_1665.jpg 1333w, http:\/\/monkey-business.de\/wp-content\/uploads\/2025\/05\/IMG_1665-200x300.jpg 200w, http:\/\/monkey-business.de\/wp-content\/uploads\/2025\/05\/IMG_1665-682x1024.jpg 682w, http:\/\/monkey-business.de\/wp-content\/uploads\/2025\/05\/IMG_1665-768x1152.jpg 768w, http:\/\/monkey-business.de\/wp-content\/uploads\/2025\/05\/IMG_1665-1024x1536.jpg 1024w\" sizes=\"auto, (max-width: 1333px) 100vw, 1333px\" \/><\/a><\/figure>\n<\/figure>\n\n\n\n<h5 class=\"wp-block-heading\"><br>Aufgabe in der Band:&nbsp;<\/h5>\n\n\n\n<p>Gitarre<\/p>\n\n\n\n<p>Equipment:&nbsp;<\/p>\n\n\n\n<p><em>Ibanez, Strandberg, Kiesel ,QuadCortex,&nbsp;<\/em><\/p>\n\n\n\n<p>Musikalische Pr\u00e4gung:&nbsp;<\/p>\n\n\n\n<p>Todd&nbsp;Duane my&nbsp;best&nbsp;Teachere&nbsp;in Vienna,&nbsp;<em>Paul Gilbert Mr&nbsp;Big,&nbsp;John Petrucci Dream Theater , Andy Timmons<\/em><\/p>\n\n\n\n<p>Lebensmotto:&nbsp;<em>Trust the Process! Flexible Expectations!<\/em><\/p>\n\n\n\n<p>Seit \u00fcber 40 Jahren ist die Gitarre mein st\u00e4ndiger Begleiter und meine gr\u00f6\u00dfte Leidenschaft.&nbsp; Meine ersten Schritte auf der B\u00fchne machte ich mit der Coverband *Shine*.<\/p>\n\n\n\n<p>Nach den Jahren bei *Shine* f\u00fchrte mich mein Weg zur Band *Awake*. Dort konnte ich meinen Sound entwickeln und \u00fcber viele Jahre hinweg fast jedes Wochenende in ganz&nbsp;S\u00fcddeutschland&nbsp;unterwegs wertvolle B\u00fchnenerfahrung sammeln. Diese Zeit hat mich musikalisch stark gepr\u00e4gt.<\/p>\n\n\n\n<p>2025 starte ich nun in dieses neue Kapitel und freue mich sehr auf die gemeinsame Zeit mit Monkey Business.<\/p>\n\n\n\n<p><\/p>\n","protected":false},"excerpt":{"rendered":"<p>Aufgabe in der Band:&nbsp; Gitarre Equipment:&nbsp; Ibanez, Strandberg, Kiesel ,QuadCortex,&nbsp; Musikalische Pr\u00e4gung:&nbsp; Todd&nbsp;Duane my&nbsp;best&nbsp;Teachere&nbsp;in Vienna,&nbsp;Paul Gilbert Mr&nbsp;Big,&nbsp;John Petrucci Dream Theater , Andy Timmons Lebensmotto:&nbsp;Trust the Process! Flexible Expectations! Seit \u00fcber<a href=\"http:\/\/monkey-business.de\/home\/jochen\" class=\"more-link\"><span class=\"readmore\">Continue reading<span class=\"screen-reader-text\">Jochen<\/span><\/span><\/a><\/p>\n","protected":false},"author":1,"featured_media":0,"parent":0,"menu_order":0,"comment_status":"closed","ping_status":"closed","template":"","meta":{"footnotes":""},"class_list":["post-1576","page","type-page","status-publish","hentry"],"yoast_head":"<!-- This site is optimized with the Yoast SEO plugin v27.5 - https:\/\/yoast.com\/product\/yoast-seo-wordpress\/ -->\n<title>Jochen -<\/title>\n<meta name=\"robots\" content=\"index, follow, max-snippet:-1, max-image-preview:large, max-video-preview:-1\" \/>\n<link rel=\"canonical\" href=\"http:\/\/monkey-business.de\/home\/jochen\" \/>\n<meta property=\"og:locale\" content=\"de_DE\" \/>\n<meta property=\"og:type\" content=\"article\" \/>\n<meta property=\"og:title\" content=\"Jochen -\" \/>\n<meta property=\"og:description\" content=\"Aufgabe in der Band:&nbsp; Gitarre Equipment:&nbsp; Ibanez, Strandberg, Kiesel ,QuadCortex,&nbsp; Musikalische Pr\u00e4gung:&nbsp; Todd&nbsp;Duane my&nbsp;best&nbsp;Teachere&nbsp;in Vienna,&nbsp;Paul Gilbert Mr&nbsp;Big,&nbsp;John Petrucci Dream Theater , Andy Timmons Lebensmotto:&nbsp;Trust the Process! Flexible Expectations! Seit \u00fcberContinue readingJochen\" \/>\n<meta property=\"og:url\" content=\"http:\/\/monkey-business.de\/home\/jochen\" \/>\n<meta property=\"article:publisher\" content=\"https:\/\/www.facebook.com\/MonkeyBusinessRock\" \/>\n<meta property=\"article:modified_time\" content=\"2025-05-19T08:16:46+00:00\" \/>\n<meta property=\"og:image\" content=\"http:\/\/monkey-business.de\/wp-content\/uploads\/2025\/05\/IMG_1665.jpg\" \/>\n<meta name=\"twitter:card\" content=\"summary_large_image\" \/>\n<meta name=\"twitter:label1\" content=\"Gesch\u00e4tzte Lesezeit\" \/>\n\t<meta name=\"twitter:data1\" content=\"1\u00a0Minute\" \/>\n<script type=\"application\/ld+json\" class=\"yoast-schema-graph\">{\"@context\":\"https:\\\/\\\/schema.org\",\"@graph\":[{\"@type\":\"WebPage\",\"@id\":\"http:\\\/\\\/monkey-business.de\\\/home\\\/jochen\",\"url\":\"http:\\\/\\\/monkey-business.de\\\/home\\\/jochen\",\"name\":\"Jochen -\",\"isPartOf\":{\"@id\":\"http:\\\/\\\/monkey-business.de\\\/home\\\/#website\"},\"primaryImageOfPage\":{\"@id\":\"http:\\\/\\\/monkey-business.de\\\/home\\\/jochen#primaryimage\"},\"image\":{\"@id\":\"http:\\\/\\\/monkey-business.de\\\/home\\\/jochen#primaryimage\"},\"thumbnailUrl\":\"http:\\\/\\\/monkey-business.de\\\/wp-content\\\/uploads\\\/2025\\\/05\\\/IMG_1665.jpg\",\"datePublished\":\"2019-04-28T15:03:47+00:00\",\"dateModified\":\"2025-05-19T08:16:46+00:00\",\"breadcrumb\":{\"@id\":\"http:\\\/\\\/monkey-business.de\\\/home\\\/jochen#breadcrumb\"},\"inLanguage\":\"de\",\"potentialAction\":[{\"@type\":\"ReadAction\",\"target\":[\"http:\\\/\\\/monkey-business.de\\\/home\\\/jochen\"]}]},{\"@type\":\"ImageObject\",\"inLanguage\":\"de\",\"@id\":\"http:\\\/\\\/monkey-business.de\\\/home\\\/jochen#primaryimage\",\"url\":\"http:\\\/\\\/monkey-business.de\\\/wp-content\\\/uploads\\\/2025\\\/05\\\/IMG_1665.jpg\",\"contentUrl\":\"http:\\\/\\\/monkey-business.de\\\/wp-content\\\/uploads\\\/2025\\\/05\\\/IMG_1665.jpg\"},{\"@type\":\"BreadcrumbList\",\"@id\":\"http:\\\/\\\/monkey-business.de\\\/home\\\/jochen#breadcrumb\",\"itemListElement\":[{\"@type\":\"ListItem\",\"position\":1,\"name\":\"Home\",\"item\":\"http:\\\/\\\/monkey-business.de\\\/home\\\/\"},{\"@type\":\"ListItem\",\"position\":2,\"name\":\"Jochen\"}]},{\"@type\":\"WebSite\",\"@id\":\"http:\\\/\\\/monkey-business.de\\\/home\\\/#website\",\"url\":\"http:\\\/\\\/monkey-business.de\\\/home\\\/\",\"name\":\"Monkey Business\",\"description\":\"\",\"potentialAction\":[{\"@type\":\"SearchAction\",\"target\":{\"@type\":\"EntryPoint\",\"urlTemplate\":\"http:\\\/\\\/monkey-business.de\\\/home\\\/?s={search_term_string}\"},\"query-input\":{\"@type\":\"PropertyValueSpecification\",\"valueRequired\":true,\"valueName\":\"search_term_string\"}}],\"inLanguage\":\"de\"}]}<\/script>\n<!-- \/ Yoast SEO plugin. -->","yoast_head_json":{"title":"Jochen -","robots":{"index":"index","follow":"follow","max-snippet":"max-snippet:-1","max-image-preview":"max-image-preview:large","max-video-preview":"max-video-preview:-1"},"canonical":"http:\/\/monkey-business.de\/home\/jochen","og_locale":"de_DE","og_type":"article","og_title":"Jochen -","og_description":"Aufgabe in der Band:&nbsp; Gitarre Equipment:&nbsp; Ibanez, Strandberg, Kiesel ,QuadCortex,&nbsp; Musikalische Pr\u00e4gung:&nbsp; Todd&nbsp;Duane my&nbsp;best&nbsp;Teachere&nbsp;in Vienna,&nbsp;Paul Gilbert Mr&nbsp;Big,&nbsp;John Petrucci Dream Theater , Andy Timmons Lebensmotto:&nbsp;Trust the Process! Flexible Expectations! Seit \u00fcberContinue readingJochen","og_url":"http:\/\/monkey-business.de\/home\/jochen","article_publisher":"https:\/\/www.facebook.com\/MonkeyBusinessRock","article_modified_time":"2025-05-19T08:16:46+00:00","og_image":[{"url":"http:\/\/monkey-business.de\/wp-content\/uploads\/2025\/05\/IMG_1665.jpg","type":"","width":"","height":""}],"twitter_card":"summary_large_image","twitter_misc":{"Gesch\u00e4tzte Lesezeit":"1\u00a0Minute"},"schema":{"@context":"https:\/\/schema.org","@graph":[{"@type":"WebPage","@id":"http:\/\/monkey-business.de\/home\/jochen","url":"http:\/\/monkey-business.de\/home\/jochen","name":"Jochen -","isPartOf":{"@id":"http:\/\/monkey-business.de\/home\/#website"},"primaryImageOfPage":{"@id":"http:\/\/monkey-business.de\/home\/jochen#primaryimage"},"image":{"@id":"http:\/\/monkey-business.de\/home\/jochen#primaryimage"},"thumbnailUrl":"http:\/\/monkey-business.de\/wp-content\/uploads\/2025\/05\/IMG_1665.jpg","datePublished":"2019-04-28T15:03:47+00:00","dateModified":"2025-05-19T08:16:46+00:00","breadcrumb":{"@id":"http:\/\/monkey-business.de\/home\/jochen#breadcrumb"},"inLanguage":"de","potentialAction":[{"@type":"ReadAction","target":["http:\/\/monkey-business.de\/home\/jochen"]}]},{"@type":"ImageObject","inLanguage":"de","@id":"http:\/\/monkey-business.de\/home\/jochen#primaryimage","url":"http:\/\/monkey-business.de\/wp-content\/uploads\/2025\/05\/IMG_1665.jpg","contentUrl":"http:\/\/monkey-business.de\/wp-content\/uploads\/2025\/05\/IMG_1665.jpg"},{"@type":"BreadcrumbList","@id":"http:\/\/monkey-business.de\/home\/jochen#breadcrumb","itemListElement":[{"@type":"ListItem","position":1,"name":"Home","item":"http:\/\/monkey-business.de\/home\/"},{"@type":"ListItem","position":2,"name":"Jochen"}]},{"@type":"WebSite","@id":"http:\/\/monkey-business.de\/home\/#website","url":"http:\/\/monkey-business.de\/home\/","name":"Monkey Business","description":"","potentialAction":[{"@type":"SearchAction","target":{"@type":"EntryPoint","urlTemplate":"http:\/\/monkey-business.de\/home\/?s={search_term_string}"},"query-input":{"@type":"PropertyValueSpecification","valueRequired":true,"valueName":"search_term_string"}}],"inLanguage":"de"}]}},"_links":{"self":[{"href":"http:\/\/monkey-business.de\/home\/wp-json\/wp\/v2\/pages\/1576","targetHints":{"allow":["GET"]}}],"collection":[{"href":"http:\/\/monkey-business.de\/home\/wp-json\/wp\/v2\/pages"}],"about":[{"href":"http:\/\/monkey-business.de\/home\/wp-json\/wp\/v2\/types\/page"}],"author":[{"embeddable":true,"href":"http:\/\/monkey-business.de\/home\/wp-json\/wp\/v2\/users\/1"}],"replies":[{"embeddable":true,"href":"http:\/\/monkey-business.de\/home\/wp-json\/wp\/v2\/comments?post=1576"}],"version-history":[{"count":10,"href":"http:\/\/monkey-business.de\/home\/wp-json\/wp\/v2\/pages\/1576\/revisions"}],"predecessor-version":[{"id":2618,"href":"http:\/\/monkey-business.de\/home\/wp-json\/wp\/v2\/pages\/1576\/revisions\/2618"}],"wp:attachment":[{"href":"http:\/\/monkey-business.de\/home\/wp-json\/wp\/v2\/media?parent=1576"}],"curies":[{"name":"wp","href":"https:\/\/api.w.org\/{rel}","templated":true}]}}